{"id":970,"date":"2025-12-12T15:28:50","date_gmt":"2025-12-12T14:28:50","guid":{"rendered":"https:\/\/slsb.cz\/?page_id=970"},"modified":"2025-12-18T08:51:17","modified_gmt":"2025-12-18T07:51:17","slug":"2025-02","status":"publish","type":"page","link":"https:\/\/slsb.cz\/en\/2025-02\/","title":{"rendered":"2025-02"},"content":{"rendered":"<h1 class=\"has-text-align-right wp-block-heading\">SLEZSK\u00dd SBORN\u00cdK CXXIII \/ 2025, \u010d\u00edslo 2<\/h1>\n\n\n\n<h2 class=\"wp-block-heading\"><a href=\"\/wp-content\/uploads\/SlSb_2_25_1.pdf\">KIEDY SI\u0118 UKSZTA\u0141TOWA\u0141Y I JAK SI\u0118 ZMIENIA\u0141Y NAZWISKA CH\u0141OPSKIE W KSI\u0118STWIE CIESZY\u0143SKIM? PRZYPADEK RODU \u015aMI\u0141OWSKICH<\/a><\/h2>\n\n\n\n<h3 class=\"wp-block-heading\">When Did Peasant Surnames in the Duchy of Cieszyn Take Shape, and How Did They Evolve? Case of the \u015ami\u0142owski family<\/h3>\n\n\n\n<h4 class=\"wp-block-heading\">Michael Morys-Twarowski<\/h4>\n\n\n\n<h5 class=\"wp-block-heading\">DOI 10.69108\/slsb.2025.2.01<\/h5>\n\n\n\n<h5 class=\"wp-block-heading\">The purpose of this article is to reconstruct the history of the first generations of the \u015ami\u0142owski family up to the beginning of the 18th century. A compilation of data on their family and property connections would not necessarily take the form of a scientific article, but a wider circle of researchers should be interested in the question of the surnames (and nicknames) used by the members of the family described. It makes it possible to date the formation of peasant surnames in the Duchy of Cieszyn to the first half of the 16th century at the latest, to observe their instability during the 17th century and to find the rules governing this instability, and to see in the \u015ami\u0142owskis one of the oldest families still living in this part of Silesia.<\/h5>\n\n\n\n<h2 class=\"wp-block-heading\"><a href=\"\/wp-content\/uploads\/SlSb_2_25_2.pdf\">HORNICKO-HUTNICK\u00dd SPOLEK V OSTRAV\u011a (1873\u20131950)<\/a><\/h2>\n\n\n\n<h3 class=\"wp-block-heading\">Mining and Metallurgical Association in Ostrava (1873\u20131950)<\/h3>\n\n\n\n<h4 class=\"wp-block-heading\">Pavel \u0160op\u00e1k<\/h4>\n\n\n\n<h5 class=\"wp-block-heading\">DOI 10.69108\/slsb.2025.2.02<\/h5>\n\n\n\n<h5 class=\"wp-block-heading\">The Mining and Metallurgical Association in Ostrava was a specific educational corporation focused on technical education among representatives of the technical intelligentsia in the Ostrava region from the end of the 19th Century until World War II, focusing primarily on managers of large companies and officials of the specialized Mining Office. The study attempts to reconstruct the association\u2019s activities and highlight the contribution of individual members to its professional profile in terms of the importance of the topics covered. The research is based mainly on archival agenda of the association (unfortunately preserved only for the period prior\nto the Great War) and articles in newspapers and journals of the period. The topic is analysed in wider context of technical education and public awareness in the industrial agglomeration of Ostrava.<\/h5>\n\n\n\n<h2 class=\"wp-block-heading\"><a href=\"\/wp-content\/uploads\/SlSb_2_25_3.pdf\">K HISTORII PO\u0160TOVNICTV\u00cd NA OPAVSKU PO ROCE 1918<\/a><\/h2>\n\n\n\n<h3 class=\"wp-block-heading\">On History of Postal Services in Opava Rgion after 1918<\/h3>\n\n\n\n<h4 class=\"wp-block-heading\">Ji\u0159\u00ed Knap\u00edk<\/h4>\n\n\n\n<h5 class=\"wp-block-heading\">DOI 10.69108\/slsb.2025.2.03<\/h5>\n\n\n\n<h5 class=\"wp-block-heading\">This study focuses on the development of the postal network and postal services in Opava and the Opava region shortly after the establishment of Czechoslovakia and in the 1920s, when the administrative district of the postal headquarters in Opava was newly formed. The study maps the network of various types of postal services in Opava and the Opava region (post offices, postal agencies, post offices), noting in particular the expansion and partial innovations of postal services (road transport, train mail, telephone, radio, modernization of postal buildings and their equipment). It also touches on some nationality aspects of postal operations in ethnically mixed areas.<\/h5>\n\n\n\n<h2 class=\"wp-block-heading\">Material Studies<\/h2>\n\n\n\n<h2 class=\"wp-block-heading\"><a href=\"\/wp-content\/uploads\/SlSb_2_25_4.pdf\">P\u0158\u00cdPADY HANOBEN\u00cd REPUBLIKY A UR\u00c1\u017dKA PREZIDENTA NA HLU\u010c\u00cdNSKU MEZI LETY\n1923\u20131938 V AGEND\u011a KRAJSK\u00c9HO SOUDU V OPAV\u011a<\/a><\/h2>\n\n\n\n<h3 class=\"wp-block-heading\">Cases of Dafamation of Republic and President in Hlu\u010d\u00edn Region 1923\u20131938 in Agenda of Regional Court in Opava<\/h3>\n\n\n\n<h4 class=\"wp-block-heading\">Aneta Koci\u00e1nov\u00e1<\/h4>\n\n\n\n<h5 class=\"wp-block-heading\">DOI 10.69108\/slsb.2025.2.04<\/h5>\n\n\n\n<h5 class=\"wp-block-heading\">This paper focuses on cases of application of the Law on the Protection of the Republic with a focus on the Hlu\u010d\u00edn region in 1923\u20131938. The introductory part describes the related legislation from the times of the Habsburg monarchy, which was adopted by the newly established Czechoslovak Republic, although some paragraphs dealing with the protection of the emperor and his family lost their significance. It then describes the circumstances that led to the approval of the Law on the Protection of the Republic and provides a brief analysis of several of its most important sections. The main part of the work describes selected criminal offenses committed in the Hlu\u010d\u00edn region against sections punishing insulting the President (Section 11) and disturbing the peace and defaming the Republic (Section 14).<\/h5>\n\n\n<p><\/p>\n<h2 class=\"wp-block-heading\"><a href=\"\/wp-content\/uploads\/SlSb_2_25_5.pdf\">Recenze a zpr\u00e1vy o literatu\u0159e<\/a><\/h2>\n<p><\/p>\n\n\n<h5 class=\"wp-block-heading\">DOI 10.69108\/slsb.2025.2.05<\/h5>\n\n\n<p><\/p>\n<h3 class=\"wp-block-heading\">Ale\u0161 BINAR, Bitva o Moravskou Ostravu. Posledn\u00ed nasazen\u00ed n\u011bmeck\u00e9 1. tankov\u00e9 arm\u00e1dy\n(1945). (Ond\u0159ej Kol\u00e1\u0159)<\/h3>\n<p><\/p>\n\n\n<p><\/p>\n<h2 class=\"wp-block-heading\"><a href=\"\/wp-content\/uploads\/SlSb_2_25_6.pdf\">Bibliografick\u00e1 p\u0159\u00edloha<\/a><\/h2>\n<p><\/p>\n\n\n<h5 class=\"wp-block-heading\">DOI 10.69108\/slsb.2025.2.06<\/h5>","protected":false},"excerpt":{"rendered":"<p>SLEZSK\u00dd SBORN\u00cdK CXXIII \/ 2025, \u010d\u00edslo 2 KIEDY SI\u0118 UKSZTA\u0141TOWA\u0141Y I JAK SI\u0118 ZMIENIA\u0141Y NAZWISKA CH\u0141OPSKIE W KSI\u0118STWIE CIESZY\u0143SKIM? PRZYPADEK RODU \u015aMI\u0141OWSKICH When Did Peasant Surnames in the Duchy of Cieszyn Take Shape, and How Did They Evolve? Case of the \u015ami\u0142owski family Michael Morys-Twarowski DOI 10.69108\/slsb.2025.2.01 The purpose of this article is to reconstruct&hellip; <a class=\"more-link\" href=\"https:\/\/slsb.cz\/en\/2025-02\/\">Continue reading <span class=\"screen-reader-text\">2025-02<\/span><\/a><\/p>","protected":false},"author":1,"featured_media":0,"parent":0,"menu_order":0,"comment_status":"closed","ping_status":"closed","template":"","meta":{"footnotes":""},"class_list":["post-970","page","type-page","status-publish","hentry","entry"],"_links":{"self":[{"href":"https:\/\/slsb.cz\/en\/wp-json\/wp\/v2\/pages\/970","targetHints":{"allow":["GET"]}}],"collection":[{"href":"https:\/\/slsb.cz\/en\/wp-json\/wp\/v2\/pages"}],"about":[{"href":"https:\/\/slsb.cz\/en\/wp-json\/wp\/v2\/types\/page"}],"author":[{"embeddable":true,"href":"https:\/\/slsb.cz\/en\/wp-json\/wp\/v2\/users\/1"}],"replies":[{"embeddable":true,"href":"https:\/\/slsb.cz\/en\/wp-json\/wp\/v2\/comments?post=970"}],"version-history":[{"count":4,"href":"https:\/\/slsb.cz\/en\/wp-json\/wp\/v2\/pages\/970\/revisions"}],"predecessor-version":[{"id":981,"href":"https:\/\/slsb.cz\/en\/wp-json\/wp\/v2\/pages\/970\/revisions\/981"}],"wp:attachment":[{"href":"https:\/\/slsb.cz\/en\/wp-json\/wp\/v2\/media?parent=970"}],"curies":[{"name":"wp","href":"https:\/\/api.w.org\/{rel}","templated":true}]}}