{"id":945,"date":"2025-11-21T13:40:47","date_gmt":"2025-11-21T12:40:47","guid":{"rendered":"https:\/\/slsb.cz\/?page_id=945"},"modified":"2025-12-12T15:35:02","modified_gmt":"2025-12-12T14:35:02","slug":"2025-01","status":"publish","type":"page","link":"https:\/\/slsb.cz\/en\/2025-01\/","title":{"rendered":"2025-01"},"content":{"rendered":"<h1 class=\"has-text-align-right wp-block-heading\">SLEZSK\u00dd SBORN\u00cdK CXXII \/ 2025, \u010d\u00edslo 1<\/h1>\n\n\n\n<h2 class=\"wp-block-heading\"><a href=\"\/wp-content\/uploads\/SlSb_1_25_1.pdf\">SOCI\u00c1LN\u00cd VYJEDN\u00c1V\u00c1N\u00cd V OSTRAVSKO-KARVINSK\u00c9M UHELN\u00c9M REV\u00cdRU V LETECH 1920\u20131925<\/a><\/h2>\n\n\n\n<h3 class=\"wp-block-heading\">Social Conflict and Negotiation in the Ostrava-Karvin\u00e1 Coal District between 1920 and 1925<\/h3>\n\n\n\n<h4 class=\"wp-block-heading\">Viola Such\u00e1nkov\u00e1<\/h4>\n\n\n\n<h5 class=\"wp-block-heading\">DOI 10.69108\/slsb.2025.1.01<\/h5>\n\n\n\n<h5 class=\"wp-block-heading\">The presented study deals with the strike movement taking place among miners from the Ostrava-Karvin\u00e1 coalfield. The causes of miners&#8216; strikes, and the attitudes of trade union representatives are presented and analysed here, on the basis of contemporary newspapers and archival material, consisting mainly of state police agenda and papers of administrations regional of mining companies. The essence of the social disputes in the period of question often arose from the political rivalry between the communist and social democratic parties for the favour of workers&#8216; votes. Among other things, the study also deals with the issue of collective agreements, as a very important and often neglected  source for this topic.<\/h5>\n\n\n\n<h2 class=\"wp-block-heading\"><a href=\"\/wp-content\/uploads\/SlSb_1_25_2.pdf\">V\u00ddTVARN\u00cd UM\u011aLCI NA HRANIC\u00cdCH \u201eMEZIPROSTORU\u201c. UM\u011aLECK\u00c1 EMIGRACE VE VELK\u00c9 BRIT\u00c1NII B\u011aHEM DRUH\u00c9 SV\u011aTOV\u00c9 V\u00c1LKY<\/a><\/h2>\n\n\n\n<h3 class=\"wp-block-heading\">Visual Artists on the Borders of &#8222;Interstice.&#8220; Emigration of Artists in Great Britain during World War II<\/h3>\n\n\n\n<h4 class=\"wp-block-heading\">Zuzana Duchkov\u00e1<\/h4>\n\n\n\n<h5 class=\"wp-block-heading\">DOI 10.69108\/slsb.2025.1.02<\/h5>\n\n\n\n<h5 class=\"wp-block-heading\">The study summarizes many years of research on selected artists Erich A. Bischof, Kurt Lade, John Heartfield, Ludwig Meidner, Heinz Worner, Bed\u0159ich Feigl, and Karl Vogel. They were forced to leave their homeland \u2013 whether it was Nazi Germany or the First Czechoslovak Republic, which served as a transit country for many \u2013 because of their Jewish origin, democratic liberal and left-wing views, or their inclination towards the principles of modern art and, in some cases, avant-garde movements, which were undesirable according to Nazi aesthetics. This social group had to define itself, thematize itself, and reflect on itself in some way in its new environment. Using methodological inspiration from historical anthropology, approaches applied in German research on exile, and identity theory, the author attempted to capture the impact of historical change on the identity of artists, which can be closely linked to the concept of a displaced person, i.e., a person expelled, deported, or forced to flee their country due to oppression or the consequences of war. For many, this also involved so-called internal displacement, as will be demonstrated with a specific example.<\/h5>\n\n\n\n<h2 class=\"wp-block-heading\"><a href=\"\/wp-content\/uploads\/SlSb_1_25_3.pdf\">HLU\u010c\u00cdNSKO ZA DRUH\u00c9 SV\u011aTOV\u00c9 V\u00c1LKY V DISKURSU \u010cESK\u00ddCH HISTORIK\u016e<\/a><\/h2>\n\n\n\n<h3 class=\"wp-block-heading\">Hlu\u010d\u00edn Region during World War II in the Discourse of Czech Historians<\/h3>\n\n\n\n<h4 class=\"wp-block-heading\">Ji\u0159\u00ed Nemin\u00e1\u0159<\/h4>\n\n\n\n<h5 class=\"wp-block-heading\">DOI 10.69108\/slsb.2025.1.03<\/h5>\n\n\n\n<h5 class=\"wp-block-heading\">The study compares and analyses scholarly texts by Czech historians focusing on the specific experience of population of the Hlu\u010d\u00edn region during World War II. It examines the issues the authors focused on and attempts to capture their discursive practices. It investigates various narratives presented in the texts and the role attributed to ordinary citizens of the region \u2013 whether they are perceived as active co-creators or rather as passive victims of the Nazi regime. The paper also pays attention to personal generational experience of the authors in question and differences between communist and post-communist historiohraphy.<\/h5>\n\n\n\n<h2 class=\"wp-block-heading\"><a href=\"\/wp-content\/uploads\/SlSb_1_25_4.pdf\">VOLN\u00c1 RUKA TRHU, NEBO KO\u0160ILE BLI\u017d\u0160\u00cd NE\u017d KAB\u00c1T? CESTA K Z\u00c1NIKU MOST\u00c1RNY V\u00cdTKOVICK\u00ddCH \u017dELEZ\u00c1REN VE FR\u00ddDKU-M\u00cdSTKU V 1989\u20131995<\/a><\/h2>\n\n\n\n<h3 class=\"wp-block-heading\">Invisible Hand of the Market or Shirt Closer than Coat? The Path to the Demise of the Bridge Factory at V\u00edtkovice Ironworks in Fr\u00fddek-M\u00edstek from 1989 to 1995<\/h3>\n\n\n\n<h4 class=\"wp-block-heading\">Luk\u00e1\u0161 Lisn\u00edk<\/h4>\n\n\n\n<h5 class=\"wp-block-heading\">DOI 10.69108\/slsb.2025.1.04<\/h5>\n\n\n\n<h5 class=\"wp-block-heading\">The bridge factory at V\u00edtkovice Ironworks in Fr\u00fddek-M\u00edstek was one of the most significant in Czechoslovakia before 1989, producing a wide range of steel structures for \nthe largest projects, either independently or in cooperation with the bridge factory in Ostrava. Both factories operated under the V\u00edtkovice brand, which did not cause significant issues during the centrally planned economy era. However, the situation changed after 1989, when the two sister factories began to compete.\nDuring the economic transformation process in the early 1990s, the position and size of the Fr\u00fddek-M\u00edstek bridge factory became unsustainable due to the recession in the steel structures market. The factory management tried to include products for alternative energy use, such as wind turbines, in the production programs, making the factory a pioneer in this field in Czechoslovakia. However, this process brought with it a number of dubious managerial steps, including the business of its own employees.\nThe poor economic results were then exploited by the new management of V\u00edtkovice a.s., which decided to halt production at the bridge factory. The following text describes \nthe individual years of the period 1989-1995 and the gradual decline of one of the largest factories at V\u00edtkovice Ironworks, which was shut down instead of being sold to avoid creating new competition for the original Ostrava bridge factory.\n<\/h5>\n\n\n\n<h2><a href=\"\/wp-content\/uploads\/SlSb_1_25_5.pdf\">Recenze a zpr\u00e1vy o literatu\u0159e<\/a><\/h2>\n<p><!-- \/wp:post-content --><\/p>\n\n<!-- wp:heading {\"level\":5} -->\n<h5>DOI 10.69108\/slsb.2025.1.05<\/h5>\n<!-- \/wp:heading -->\n\n<p><!-- wp:heading {\"level\":3} --><\/p>\n<h3>Ilona MATEJKO-PETERKA (ed.), Historia amica mea. Sborn\u00edk p\u0159\u00edsp\u011bvk\u016f k poct\u011b profesorky Ireny Korbel\u00e1\u0159ov\u00e9 (Josef Botl\u00edk)<\/h3>\n<p><!-- \/wp:heading --><\/p>\n\n<p><!-- wp:heading {\"level\":3} --><\/p>\n<h3>Roberto GENTILLI, Italian Aviation Units in the First World War (Petr Aharon Tesa\u0159) <\/h3>\n<p><!-- \/wp:heading --><\/p>\n\n<p><!-- wp:heading {\"level\":3} --><\/p>\n<h3>Lubom\u00edr HLAVIENKA \u2013 Ond\u0159ej KOL\u00c1\u0158\u2013 Pavel \u0160OP\u00c1K, Transformace Slezska 1945\u20131948 (V\u00e1clav Ka\u0161ka)<\/h3>\n<p><!-- \/wp:heading --><\/p>\n\n<p><!-- wp:heading {\"level\":3} --><\/p>\n<h3>Ad\u00e9la GJURI\u010cOV\u00c1 \u2014 Martin NODL \u2014 Stanislav POSP\u00cd\u0160IL, M\u011bsto jako laborato\u0159 zm\u011bny: mezioborov\u00e9 v\u00fdzvy. Ka\u017edodenn\u00ed \u017eivot (Mat\u011bj Kaftan)<\/h3>\n<p><!-- \/wp:heading --><\/p>\n\n\n<p><!-- wp:heading --><\/p>\n<h2><a href=\"\/wp-content\/uploads\/SlSb_1_25_6.pdf\">Chronicle<\/a><\/h2>\n<p><!-- \/wp:heading --><\/p>\n\n<!-- wp:heading {\"level\":5} -->\n<h5>DOI 10.69108\/slsb.2025.1.06<\/h5>\n<!-- \/wp:heading -->\n\n\n<p><!-- wp:heading {\"level\":3} --><\/p>\n<h3>\u010ceskoslovensk\u00fd rok 1945 \u2013 v\u011bdeck\u00e1 konference kon\u00e1na u p\u0159\u00edle\u017eitosti 80. v\u00fdro\u010d\u00ed konce II. sv\u011btov\u00e9 v\u00e1lky v Evrop\u011b, Hrabyn\u011b 24. 4. 2025 (Michaela Pecinov\u00e1)<\/h3>\n<p><!-- \/wp:heading --><\/p>\n\n\n<p><!-- wp:heading --><\/p>\n<h2><a href=\"\/wp-content\/uploads\/SlSb_1_25_7.pdf\">Bibliografick\u00e1 p\u0159\u00edloha<\/a><\/h2>\n<p><!-- \/wp:heading --><\/p>\n\n<!-- wp:heading {\"level\":5} -->\n<h5>DOI 10.69108\/slsb.2025.1.07<\/h5>\n<!-- \/wp:heading -->","protected":false},"excerpt":{"rendered":"<p>SLEZSK\u00dd SBORN\u00cdK CXXII \/ 2025, \u010d\u00edslo 1 SOCI\u00c1LN\u00cd VYJEDN\u00c1V\u00c1N\u00cd V OSTRAVSKO-KARVINSK\u00c9M UHELN\u00c9M REV\u00cdRU V LETECH 1920\u20131925 Social Conflict and Negotiation in the Ostrava-Karvin\u00e1 Coal District between 1920 and 1925 Viola Such\u00e1nkov\u00e1 DOI 10.69108\/slsb.2025.1.01 The presented study deals with the strike movement taking place among miners from the Ostrava-Karvin\u00e1 coalfield. The causes of miners&#8216; strikes, and&hellip; <a class=\"more-link\" href=\"https:\/\/slsb.cz\/en\/2025-01\/\">Continue reading <span class=\"screen-reader-text\">2025-01<\/span><\/a><\/p>","protected":false},"author":1,"featured_media":0,"parent":0,"menu_order":0,"comment_status":"closed","ping_status":"closed","template":"","meta":{"footnotes":""},"class_list":["post-945","page","type-page","status-publish","hentry","entry"],"_links":{"self":[{"href":"https:\/\/slsb.cz\/en\/wp-json\/wp\/v2\/pages\/945","targetHints":{"allow":["GET"]}}],"collection":[{"href":"https:\/\/slsb.cz\/en\/wp-json\/wp\/v2\/pages"}],"about":[{"href":"https:\/\/slsb.cz\/en\/wp-json\/wp\/v2\/types\/page"}],"author":[{"embeddable":true,"href":"https:\/\/slsb.cz\/en\/wp-json\/wp\/v2\/users\/1"}],"replies":[{"embeddable":true,"href":"https:\/\/slsb.cz\/en\/wp-json\/wp\/v2\/comments?post=945"}],"version-history":[{"count":3,"href":"https:\/\/slsb.cz\/en\/wp-json\/wp\/v2\/pages\/945\/revisions"}],"predecessor-version":[{"id":973,"href":"https:\/\/slsb.cz\/en\/wp-json\/wp\/v2\/pages\/945\/revisions\/973"}],"wp:attachment":[{"href":"https:\/\/slsb.cz\/en\/wp-json\/wp\/v2\/media?parent=945"}],"curies":[{"name":"wp","href":"https:\/\/api.w.org\/{rel}","templated":true}]}}