{"id":867,"date":"2024-11-13T12:57:03","date_gmt":"2024-11-13T11:57:03","guid":{"rendered":"https:\/\/slsb.cz\/?page_id=867"},"modified":"2024-11-16T00:10:15","modified_gmt":"2024-11-15T23:10:15","slug":"2024-01","status":"publish","type":"page","link":"https:\/\/slsb.cz\/en\/2024-01\/","title":{"rendered":"2024-01"},"content":{"rendered":"<h1 class=\"has-text-align-right wp-block-heading\">SLEZSK\u00dd SBORN\u00cdK CXXII \/ 2024, \u010d\u00edslo 1<\/h1>\n\n\n\n<h2 class=\"wp-block-heading\"><a href=\"\/wp-content\/uploads\/SlSb_1_24_1.pdf\">T\u0158ICETILET\u00c1 V\u00c1LKA A JEJ\u00cd D\u016eSLEDKY NA JESENICKU. PRAMENY, STAV B\u00c1D\u00c1N\u00cd A JEHO DAL\u0160\u00cd MO\u017dNOSTI <\/a><\/h2>\n\n\n\n<h3 class=\"wp-block-heading\">Thirty Years\u00b4 War in Jesen\u00edk Region. Sources, State of Art and Perspectives of Research<\/h3>\n\n\n\n<h4 class=\"wp-block-heading\">Jan Petr\u00e1sek<\/h4>\n\n\n\n<h5 class=\"wp-block-heading\">DOI 10.69108\/slsb.2024.1.01<\/h5>\n\n\n\n<h5 class=\"wp-block-heading\">The study tries to capture the course, and especially the consequences, of the Thirty Years\u2018 War in individual municipalities in the territory of today\u2018s Jesen\u00edk region. For this, it mainly uses scattered and incomplete short excerpts from archival material collected in the interwar period by the researcher Angela Drechsler, which, in many cases, no longer exists today. It then tries to confront this at least partially sourced information with the existing historiographical production and, if possible, also with the original text of the published sources. Since the level, value, state of preservation and amount of source records do not allow a more comprehensive overview of all events between 1618 and 1648, the study represents rather an outline of the possibilities and directions of further research on the issue under investigation. <\/h5>\n\n\n\n<h2 class=\"wp-block-heading\"><a href=\"\/wp-content\/uploads\/SlSb_1_24_2.pdf\">STRATEGIE DZIA\u0141A\u0143 ZWI\u0104ZK\u00d3W NAUCZYCIELSKICH (I ICH PRZEDSTAWICIELI) WOBEC ADMINISTRACJI O\u015aWIATOWEJ W CZASACH AUSTRIACKICH (NA PRZYK\u0141ADZIE U\u010cITELSK\u00c9 JEDNOTY NA ORLOVSKU). PRZYPADEK JOSEFA VLUKI I JANA BENY <\/a><\/h2>\n\n\n\n<h3 class=\"wp-block-heading\">Strategies of Action of Teachers\u2018 Unions (and their Representatives) towards the Educational Administration in Austrian Times (on the Example of the Teachers\u2018 Association in Orlov\u00e1). The Case of Josef Vluka and Jan Bena <\/h3>\n\n\n\n<h4 class=\"wp-block-heading\">Marzena Bogus-Spyra<\/h4>\n\n\n\n<h5 class=\"wp-block-heading\">DOI 10.69108\/slsb.2024.1.02<\/h5>\n\n\n\n<h5 class=\"wp-block-heading\">With the creation of new systems of universal education in the 19th century, the number of teachers employed in elementary education increased. The multitude of professional duties imposed on them did not go hand in hand with appropriate financial gratification and respect for the environment, which led to a fight for the state\u2018s interests of this group. They began to create local associations, then national associations, and finally headquarters representing various groups. One of such organisations was Teachers Union in Orlov\u00e1 Region. (U\u010ditelsk\u00e1 jednota na Orlovsku). One of leading personalities was Jan Vluka, educator, local social activist, folklore enthusiast and publicist who, while caring for professional and national rights, ran afoul of the authorities and was suspended as a teacher. After he was elected president of the above-mentioned society in January 1908, the members tried to help him reverse the repression. His most important ally was Jan Bena, secretary of the union, who was also active in local politics in D\u011btmarovice, who was also dismissed from his teaching position over time. <br>\n    Internal conflicts in the organization and external conflicts related to the supervision of the authorities were getting stronger, which affected the society\u2018s activities. There was also a dispute between Czech activists and Poles over the functioning of schools in the ethnically mixed coalfield, in which Vluka and other activists of the society were heavily involved.\n    <\/h5>\n\n\n\n<h2 class=\"wp-block-heading\"><a href=\"\/wp-content\/uploads\/SlSb_1_24_3.pdf\">\u201eV\u00c1LKA POLICAJT\u016e\u201c: MOCENSK\u00c9 BOJE V BEZPE\u010cNOSTN\u00cdM APAR\u00c1TU NA \u00daZEM\u00cd OSTRAVSK\u00c9 EXPOZITURY MORAVSKOSLEZ\u00acSK\u00c9HO ZEMSK\u00c9HO N\u00c1RODN\u00cdHO V\u00ddBORU V RAN\u011a POV\u00c1LE\u010cN\u00c9M OBDOB\u00cd<\/a><\/h2>\n\n\n\n<h3 class=\"wp-block-heading\">\u201cWar of Policemen\u201d: Struggle for Power within Security Apparatus in the Territory of Ostrava Branch of Moravian-Silesian Provincial National Committee in Early Post-War Period <\/h3>\n\n\n\n<h4 class=\"wp-block-heading\">Lubom\u00edr Hlavienka \u2013 Ond\u0159ej Kol\u00e1\u0159<\/h4>\n\n\n\n<h5 class=\"wp-block-heading\">DOI 10.69108\/slsb.2024.1.03<\/h5>\n\n \n\n<h5 class=\"wp-block-heading\">The article focuses on personal conflicts in headquarters of Czechoslovak police force in Ostrava following the end of World War II between group of pre-war police officers and the new administration led by war veterans with no previous police experience, led by Vladim\u00edr Sedl\u00e1\u0159. The case included mutual allegations of collaboration with Nazi regime and the conflict quickly became severely politicised, as both parties looked for support from central institutions in Prague. Even Soviet military and intelligence authorities got involved in the case. Although the new leadership technically won the conflict due to the support of regional communist administration, Sedl\u00e1\u0159 and his close co-workers still faced criticism from their colleagues and the public and had to be transferred.<br>    \n    The paper examined motivations of individual participants and political connections of the conflict in the context of administrative and social development of the region. The research is based on preserved police agenda, agenda of public administration and published memoirs of people involved in the case.\n    <\/h5>\n\n\n\n<h2 class=\"wp-block-heading\"><a href=\"\/wp-content\/uploads\/SlSb_1_24_4.pdf\">NOV\u00c9 HRADY V JI\u017dN\u00cdCH \u010cECH\u00c1CH POD TAKTOVKOU \u00daTVARU POHRANI\u010cN\u00cd STR\u00c1\u017dE. KA\u017dDODENNOST I SV\u00c1TE\u010cNOST NA NOVOHRADSKU V DRUH\u00c9 POLOVIN\u011a 20. STOLET\u00cd O\u010cIMA POHRANI\u010cN\u00cdK\u016e\u2013KRONIK\u00c1\u0158\u016e <\/a><\/h2>\n\n\n\n<h3 class=\"wp-block-heading\">Nov\u00e9 Hrady in South Bohemia under the Command of the Border Guard Unit. Everyday life and festivities in the region of Nov\u00e9 Hrady in the second half of the 20th century through the eyes of border guards-chroniclers <\/h3>\n\n\n\n<h4 class=\"wp-block-heading\">Zuzana Duchkov\u00e1<\/h4>\n\n\n\n<h5 class=\"wp-block-heading\">DOI 10.69108\/slsb.2024.1.04<\/h5>\n\n \n\n<h5 class=\"wp-block-heading\">The region of Nov\u00e9 Hrady, a South Bohemian border area with a majority German population, radically changed after World War II. After the displacement of the original inhabitants and the arrival of new residents, it became a guarded area. It had to submit to many requirements and special directives from the Border Guard Unit. The presented study deals with the impact of the residence of this unit on the cultural-historical environment of the town of Nov\u00e9 Hrady, its stay in the baroque Servite monastery, the relationship of the new residents to the original heritage, which had not been left by their ancestors, and the creation of new traditions, some of which have survived to the present day and, on the other hand, some have quickly disappeared again. The main part will be dedicated to the holidays and festivities that took place with the participation of the Board Guard Unit and influenced the life of the entire town near the Austrian border. From the available sources (primarily from the chronicles of the Board Guard Unit), the regular and festive year of the Board Guard Unit and its changes during the years 1950\u20131989 (e.g. inclusion of new holidays, etc.) will be reconstructed. Finally, the cultural-historical development after 1989 in the town of Nov\u00e9 Hrady is indicated.<\/h5>\n\n\n\n<h2 class=\"wp-block-heading\"><a href=\"\/wp-content\/uploads\/SlSb_1_24_5.pdf\">Recenze a zpr\u00e1vy o literatu\u0159e<\/a><\/h2>\n<p><\/p>\n\n\n<h5 class=\"wp-block-heading\">DOI 10.69108\/slsb.2024.1.05<\/h5>\n\n<p><\/p>\n<h3 class=\"wp-block-heading\">Irena KWA\u015aNY, Sk\u0105d Ci w\u0142osi? O renesansowej i nie tylko architekturze cieszy\u0144skiego rynku (Hanna Grudniewska)<\/h3>\n<p><\/p>\n<p><\/p>\n<h3 class=\"wp-block-heading\">Janusz SPYRA, 150 lat Banku Sp\u00f3\u0142dzielczego w Cieszynie 1873\u20132023 (Radek Lipovski)<\/h3>\n<p><\/p>\n<p><\/p>\n<h3 class=\"wp-block-heading\">Andrzej OLEJKO, Habsburg Wings 1915 (Petr Aharon Tesa\u0159)<\/h3>\n<p><\/p>\n\n<p><\/p>\n<h2 class=\"wp-block-heading\"><a href=\"\/wp-content\/uploads\/SlSb_1_24_6.pdf\">Bibliografick\u00e1 p\u0159\u00edloha<\/a><\/h2>\n<p><\/p>\n\n\n<h5 class=\"wp-block-heading\">DOI 10.69108\/slsb.2024.1.06<\/h5>","protected":false},"excerpt":{"rendered":"<p>SLEZSK\u00dd SBORN\u00cdK CXXII \/ 2024, \u010d\u00edslo 1 T\u0158ICETILET\u00c1 V\u00c1LKA A JEJ\u00cd D\u016eSLEDKY NA JESENICKU. PRAMENY, STAV B\u00c1D\u00c1N\u00cd A JEHO DAL\u0160\u00cd MO\u017dNOSTI Thirty Years\u00b4 War in Jesen\u00edk Region. Sources, State of Art and Perspectives of Research Jan Petr\u00e1sek DOI 10.69108\/slsb.2024.1.01 The study tries to capture the course, and especially the consequences, of the Thirty Years\u2018 War&hellip; <a class=\"more-link\" href=\"https:\/\/slsb.cz\/en\/2024-01\/\">Continue reading <span class=\"screen-reader-text\">2024-01<\/span><\/a><\/p>","protected":false},"author":1,"featured_media":0,"parent":0,"menu_order":0,"comment_status":"closed","ping_status":"closed","template":"","meta":{"footnotes":""},"class_list":["post-867","page","type-page","status-publish","hentry","entry"],"_links":{"self":[{"href":"https:\/\/slsb.cz\/en\/wp-json\/wp\/v2\/pages\/867","targetHints":{"allow":["GET"]}}],"collection":[{"href":"https:\/\/slsb.cz\/en\/wp-json\/wp\/v2\/pages"}],"about":[{"href":"https:\/\/slsb.cz\/en\/wp-json\/wp\/v2\/types\/page"}],"author":[{"embeddable":true,"href":"https:\/\/slsb.cz\/en\/wp-json\/wp\/v2\/users\/1"}],"replies":[{"embeddable":true,"href":"https:\/\/slsb.cz\/en\/wp-json\/wp\/v2\/comments?post=867"}],"version-history":[{"count":2,"href":"https:\/\/slsb.cz\/en\/wp-json\/wp\/v2\/pages\/867\/revisions"}],"predecessor-version":[{"id":872,"href":"https:\/\/slsb.cz\/en\/wp-json\/wp\/v2\/pages\/867\/revisions\/872"}],"wp:attachment":[{"href":"https:\/\/slsb.cz\/en\/wp-json\/wp\/v2\/media?parent=867"}],"curies":[{"name":"wp","href":"https:\/\/api.w.org\/{rel}","templated":true}]}}