{"id":822,"date":"2023-09-21T10:54:04","date_gmt":"2023-09-21T08:54:04","guid":{"rendered":"https:\/\/slsb.cz\/?page_id=822"},"modified":"2023-09-21T10:54:04","modified_gmt":"2023-09-21T08:54:04","slug":"2023-01","status":"publish","type":"page","link":"https:\/\/slsb.cz\/en\/2023-01\/","title":{"rendered":"2023-01"},"content":{"rendered":"\n<h1 class=\"wp-block-heading has-text-align-right\">SLEZSK\u00dd SBORN\u00cdK CXXI \/ 2023, \u010d\u00edslo 1<\/h1>\n\n\n\n<h2 class=\"wp-block-heading\"><a href=\"\/wp-content\/uploads\/SlSb_1_23_1.pdf\">(Na)\u0159\u00edzen\u00e1 loajalita? Obraz \u0161kolstv\u00ed v Olomouci za prvn\u00ed sv\u011btov\u00e9 v\u00e1lky prizmatem \u0161koln\u00edch rad<\/a><\/h2>\n\n\n\n<h3 class=\"wp-block-heading\">Managed Loyalty? The Image of Schooling in Olomouc during the First World War through the Prism of School Boards<\/h3>\n\n\n\n<h4 class=\"wp-block-heading\">Ivan Pu\u0161<\/h4>\n\n\n\n<h5 class=\"wp-block-heading\">The following study aims to explain, how the school boards in Moravia, the supervisory bodies, reflected the course of the war in their official correspondence, and to what extent teachers and pupils were involved in the wartime events through the instructions of these supervisory bodies. These were mainly numerous circulars addressed to all German and Czech district school boards including the school board in Olomouc. In Moravia school boards were nationally separated since 1907 and this impacted the further development, including the time of the first Czechoslovak republic. The lack of food and other energy sources, clothes, shoes, etc. has also affected the running of schools and the social situation of pupils and their teachers during the war.\nThe school was to help maintain and further spread loyalty among the civilians in the hinterland. The schools were supposed to help promote war loans and to support, at least symbolically, the soldiers at the front, through small gifts such as scarves or balaclavas. The new regulations also concerned the content of teaching \u2013 especially textbooks, the lack of which \u2013 the approved ones \u2013 was putting teachers in difficulties.\n<\/h5>\n\n\n\n<h2 class=\"wp-block-heading\"><a href=\"\/wp-content\/uploads\/SlSb_1_23_2.pdf\">EINFLUSS DER SOZIAL-POLITISCHEN T\u00c4TIGKEIT VON JAN KUSTOS AUF DIE BEWOHNER VON OBERSCHLESIENS<\/a><\/h2>\n\n\n\n<h3 class=\"wp-block-heading\">The Impact of the Socio-Political Activity of Jan Kustos on the Inhabitants of Upper Silesia<\/h3>\n\n\n\n<h4 class=\"wp-block-heading\">Maciej Fic<\/h4>\n\n\n\n<h5 class=\"wp-block-heading\">The presented theme is dedicated to the role that Jan Kustos played in the history of Upper Silesia in the first half of the 20th century. Despite a relatively short life (1893\u20131932), the graduate of a University from Upper Silesia was certainly very active on the political stage of Upper Silesia. During his career, he was the editor and publisher of the \u201eG\u0142os G\u00f3rnego \u015al\u0105ska\u201d (The Voice of Upper Silesia). He was also socially and politically active (he was, among others, the leader of the Zwi\u0105zek G\u00f3rno\u015bl\u0105zak\u00f3w-Polak\u00f3w [Association of Upper Silesian- Poles], the Zwi\u0105zek Obrony G\u00f3rno\u015bl\u0105zak\u00f3w [Association for the Defense of the Upper Silesians] and a council member of the city of Katowice). Due to the views he represented and the perception of his person by political opponents, the figure of the Kustos in contemporary social consciousness was identified with the independence movement in the Silesian Voivodeship. In this text, the author attempts to examine and determine the social policy views disseminated by Kustos and to evaluate their actual influence on the inhabitants of Upper Silesia during the period under discussion. Indirectly, an answer to the question of the position taken by Kustos\u2019s supporters at the beginning of the nascent Second Republic on the political stage of the Silesian Voivodeship and the success of their activities should also be sought.<\/h5>\n\n\n\n<h2 class=\"wp-block-heading\"><a href=\"\/wp-content\/uploads\/SlSb_1_23_3.pdf\">P\u0158ISOUZENI \u010cESKOSLOVENSKU, 100 LET OD P\u0158IPOJEN\u00cd HATI A P\u00cd\u0160T\u011a<\/a><\/h2>\n\n\n\n<h3 class=\"wp-block-heading\">Becoming Part of Czechoslovakia, 100 Years since the Annexation of Ha\u0165 and P\u00ed\u0161\u0165<\/h3>\n\n\n\n<h4 class=\"wp-block-heading\">Ji\u0159\u00ed Nemin\u00e1\u0159<\/h4>\n\n\n\n<h5 class=\"wp-block-heading\">In 1923, Czechoslovakia expanded its territory by two Upper Silesian municipalities. These were disputed villages that were crossed by the straight line established by the Versailles Peace Treaty, and, therefore, were not annexed at the same time during the occupation of the Hlu\u010d\u00edn region in February 1920. The study deals with the reasons that led to their annexation, and describes the international debates and the actual course of occupation.\nThe study is primarily based on diplomatic documents stored in the Archive of the Ministry of Foreign Affairs and on the legacy of German activist Reinhold Weigel.\n<\/h5>\n\n\n\n<h2 class=\"wp-block-heading\"><a href=\"\/wp-content\/uploads\/SlSb_1_23_4.pdf\">CIVILN\u00cd PROTILETECK\u00c1 OCHRANA A BRANN\u00c1 V\u00ddCHOVA VE SV\u011aTLE TI\u0160T\u011aN\u00ddCH PRAMEN\u016e V LETECH 1935\u20131939<\/a><\/h2>\n\n\n\n<h3 class=\"wp-block-heading\">The Civil Air Defence and the Civil Defence Education in the Light of Printed Sources in the Years 1935\u20131939<\/h3>\n\n\n\n<h4 class=\"wp-block-heading\">V\u00edt N\u011bmec<\/h4>\n\n\n\n<h5 class=\"wp-block-heading\">The study deals with the issue of the Civil Air Defence and the Civil Defence Education and its reflection in the Light of Printed Sources in the Years 1935\u20131939 with the consideration of the history of everyday life and the regional history of the Moravian-Silesian Region, which is not yet adequately explored phenomenon in contemporary Czech historiography. The interwar period was connected to significant need of a readiness of the Czechoslovak populace against the enemy air raids. The Civil Air Defence, later incorporated in the Civil Defence Education, became an essential part of everyday life of the nation and a crucial subject which was frequently discussed in the print media like newspapers, magazines, monographs, handbooks and other specialised printed primary sources. The media became a pivotal factor in formation of public opinion in this crucial matter of defence of the state populace and the preservation of the national sovereignty as a whole that lasted until the inception of the Protectorate of Bohemia and Moravia, which ended the existence of the Civil Defence Education and the Civil Air Defence as its vital part.<\/h5>\n\n\n\n<h2 class=\"wp-block-heading\"><a href=\"\/wp-content\/uploads\/SlSb_1_23_5.pdf\">\u00daV\u011aROV\u00c1 AKCE \u010cESKOSLOVENSK\u00c9 VL\u00c1DY VE PROSP\u011aCH \u010cESK\u00ddCH KOLONIST\u016e NA UKRAJIN\u011a 1923\u20131929<\/a><\/h2>\n\n\n\n<h3 class=\"wp-block-heading\">Credit Action of the Czechoslovak Government in Favor of Czech Colonists in Ukraine<\/h3>\n\n\n\n<h4 class=\"wp-block-heading\">Daniel Vym\u011btal\u00edk<\/h4>\n\n\n\n<h5 class=\"wp-block-heading\">Credit action with exact name Credit action of Czechoslovak government in favour of Czech colonists in USSSR represented jointly with the Aid for starvating another form of aid to Czech compatriots in Soviet Union in 1920s. Czechoslovak government coming out of current changes in economic policy came up in year 1922 with the idea of long &#8211; run support for Czech compatriots in the form of loan for the purchase of agricultural machinery from Czechoslovak manufacturers. For that purpose government allocated in that year ammount of 15 million crowns. After well-managed organizational preparations, which took place in 1922\/1923 until the beginning of 1924, a total of six transports with farm machinery and tools were delivered between 1924 and 1926. However, Czech farmers could not rejoice from the provided machines for a long time. The retreat from the New Economic Policy and the transition to a policy of collectivization of agriculture, including the liquidation of wealthy peasants, had a heavy impact on the Czech colonists. Hence the whole project ended in failure in 1928\u20131930, because Czech farmers as holders of farm machinery were labelled as kulaks, their machinery were confiscated under pretext of not fulfilling food levies and soviet authorities meanwhile arrested several functionaries of successful cooperatives, that distributed the ordered machines. The present study aims to capture the genesis, course and the unhappy end of this credit assistance with using of archival sources from the archive of the Ministry of Foreign Affairs of the Czech Republic and, to a lesser extent, from the National Archive in Prague and the Archive of the Masaryk Institute and the Academy of Sciences of the Czech Republic.<\/h5>\n\n\n\n<h2 class=\"wp-block-heading\"><a href=\"\/wp-content\/uploads\/SlSb_1_23_6.pdf\">NIEDOSZ\u0141Y ARBITER. JUGOS\u0141AWIA A POLSKO CZECHOS\u0141OWACKI SP\u00d3R GRANICZNY Z LAT 1945\u20131947<\/a><\/h2>\n\n\n\n<h3 class=\"wp-block-heading\">Would-be arbitrator. Yugoslavia and the Polish-Czechoslovak Border Dispute of 1945\u20131947<\/h3>\n\n\n\n<h4 class=\"wp-block-heading\">Piotr Pa\u0142ys<\/h4>\n\n\n\n<h5 class=\"wp-block-heading\">The article presents the impact of the Polish-Czechoslovak conflict on the process of concluding allied agreements by Yugoslavia with both countries. The progress of both sides\u2019 efforts to gain Belgrade\u2019s support was reported. Yugoslav opinions on Zaolzie and Czechoslovak Western claims as well as possible mediation or participation of Josip Broz-Tito in the so-called \u201cSlavic arbitration\u201d were also discussed.<\/h5>\n\n\n\n<h2 class=\"wp-block-heading\"><a href=\"\/wp-content\/uploads\/SlSb_1_23_7.pdf\">Recenze a zpr\u00e1vy o literatu\u0159e<\/a><\/h2>\n\n\n\n<h3 class=\"wp-block-heading\">Jan LU\u0160TINEC \u2013 Petr NOSEK \u2013 Adam REJHA, Harrachov\u00e9 \u2013 vzne\u0161enost zavazuje (Stanislav Van\u011bk) <\/h3>\n\n\n\n<h3 class=\"wp-block-heading\">Petr KADLEC, Moravsk\u00fd advok\u00e1t a politik Fritz Plachky (1836\u20131928). Mezi sl\u00e1vou a zatracen\u00edm, raku\u0161anstv\u00edm a n\u011bmectv\u00edm (Petr \u017d\u00eddek)<\/h3>\n\n\n\n<h3 class=\"wp-block-heading\">Jakub \u0160LOUF, Praha v \u010dervnu 1953. D\u011blnick\u00e1 revolta proti m\u011bnov\u00e9 reform\u011b, vyjedn\u00e1v\u00e1n\u00ed v tov\u00e1rn\u00e1ch a struktur\u00e1ln\u00ed prom\u011bny d\u011blnick\u00e9 t\u0159\u00eddy (Du\u0161an Jan\u00e1k)\u00a8<\/h3>\n\n\n\n<h3 class=\"wp-block-heading\">\u0160tefan \u0160UTAJ \u2013 Jana \u0160UTAJOV\u00c1, V\u00fdmena obyvate\u013estva medzi \u010ceskoslovenskom a Ma\u010farskom (v rokovaniach \u010ceskoslovensko-ma\u010farskej zmie\u0161anej komisie) (O\u013ega \u0160rajerov\u00e1)<\/h3>\n\n\n\n<h2 class=\"wp-block-heading\"><a href=\"\/wp-content\/uploads\/SlSb_1_23_8.pdf\">Bibliografick\u00e1 p\u0159\u00edloha<\/a><\/h2>\n","protected":false},"excerpt":{"rendered":"<p>SLEZSK\u00dd SBORN\u00cdK CXXI \/ 2023, \u010d\u00edslo 1 (Na)\u0159\u00edzen\u00e1 loajalita? Obraz \u0161kolstv\u00ed v Olomouci za prvn\u00ed sv\u011btov\u00e9 v\u00e1lky prizmatem \u0161koln\u00edch rad Managed Loyalty? The Image of Schooling in Olomouc during the First World War through the Prism of School Boards Ivan Pu\u0161 The following study aims to explain, how the school boards in Moravia, the supervisory&hellip; <a class=\"more-link\" href=\"https:\/\/slsb.cz\/en\/2023-01\/\">Continue reading <span class=\"screen-reader-text\">2023-01<\/span><\/a><\/p>","protected":false},"author":1,"featured_media":0,"parent":0,"menu_order":0,"comment_status":"closed","ping_status":"closed","template":"","meta":{"footnotes":""},"class_list":["post-822","page","type-page","status-publish","hentry","entry"],"_links":{"self":[{"href":"https:\/\/slsb.cz\/en\/wp-json\/wp\/v2\/pages\/822","targetHints":{"allow":["GET"]}}],"collection":[{"href":"https:\/\/slsb.cz\/en\/wp-json\/wp\/v2\/pages"}],"about":[{"href":"https:\/\/slsb.cz\/en\/wp-json\/wp\/v2\/types\/page"}],"author":[{"embeddable":true,"href":"https:\/\/slsb.cz\/en\/wp-json\/wp\/v2\/users\/1"}],"replies":[{"embeddable":true,"href":"https:\/\/slsb.cz\/en\/wp-json\/wp\/v2\/comments?post=822"}],"version-history":[{"count":1,"href":"https:\/\/slsb.cz\/en\/wp-json\/wp\/v2\/pages\/822\/revisions"}],"predecessor-version":[{"id":823,"href":"https:\/\/slsb.cz\/en\/wp-json\/wp\/v2\/pages\/822\/revisions\/823"}],"wp:attachment":[{"href":"https:\/\/slsb.cz\/en\/wp-json\/wp\/v2\/media?parent=822"}],"curies":[{"name":"wp","href":"https:\/\/api.w.org\/{rel}","templated":true}]}}