{"id":8,"date":"2021-09-01T09:46:45","date_gmt":"2021-09-01T07:46:45","guid":{"rendered":"https:\/\/slsb.cz\/?page_id=8"},"modified":"2024-10-23T16:18:39","modified_gmt":"2024-10-23T14:18:39","slug":"kontakt","status":"publish","type":"page","link":"https:\/\/slsb.cz\/en\/kontakt\/","title":{"rendered":"Contact"},"content":{"rendered":"<h1 class=\"has-text-align-left wp-block-heading\" id=\"kontakt\">Contact<\/h1>\n\n\n\n<p class=\"has-text-align-left\">E-mail: slsb@szm.cz<\/p>\n\n\n\n<h1 class=\"has-text-align-right wp-block-heading\" id=\"objednavky\">Objedn\u00e1vky Slezsk\u00e9ho sborn\u00edku<\/h1>\n\n\n\n<p class=\"has-text-align-right\">Slezsk\u00e9 zemsk\u00e9 muzeum<br>N\u00e1dra\u017en\u00ed okruh 31, 746 01, Opava<br>E-mail: slsb@szm.cz, fiser@szm.cz<br>Tel.: +420 553 622 999<\/p>","protected":false},"excerpt":{"rendered":"<p>Kontakt E-mail: slsb@szm.cz Objedn\u00e1vky Slezsk\u00e9ho sborn\u00edku Slezsk\u00e9 zemsk\u00e9 muzeumN\u00e1dra\u017en\u00ed okruh 31, 746 01, OpavaE-mail: slsb@szm.cz, fiser@szm.czTel.: +420 553 622 999<\/p>","protected":false},"author":1,"featured_media":0,"parent":0,"menu_order":0,"comment_status":"closed","ping_status":"closed","template":"","meta":{"footnotes":""},"class_list":["post-8","page","type-page","status-publish","hentry","entry"],"_links":{"self":[{"href":"https:\/\/slsb.cz\/en\/wp-json\/wp\/v2\/pages\/8","targetHints":{"allow":["GET"]}}],"collection":[{"href":"https:\/\/slsb.cz\/en\/wp-json\/wp\/v2\/pages"}],"about":[{"href":"https:\/\/slsb.cz\/en\/wp-json\/wp\/v2\/types\/page"}],"author":[{"embeddable":true,"href":"https:\/\/slsb.cz\/en\/wp-json\/wp\/v2\/users\/1"}],"replies":[{"embeddable":true,"href":"https:\/\/slsb.cz\/en\/wp-json\/wp\/v2\/comments?post=8"}],"version-history":[{"count":10,"href":"https:\/\/slsb.cz\/en\/wp-json\/wp\/v2\/pages\/8\/revisions"}],"predecessor-version":[{"id":854,"href":"https:\/\/slsb.cz\/en\/wp-json\/wp\/v2\/pages\/8\/revisions\/854"}],"wp:attachment":[{"href":"https:\/\/slsb.cz\/en\/wp-json\/wp\/v2\/media?parent=8"}],"curies":[{"name":"wp","href":"https:\/\/api.w.org\/{rel}","templated":true}]}}