{"id":727,"date":"2022-03-31T00:48:00","date_gmt":"2022-03-30T22:48:00","guid":{"rendered":"https:\/\/slsb.cz\/?page_id=727"},"modified":"2022-03-31T00:48:00","modified_gmt":"2022-03-30T22:48:00","slug":"2017-02","status":"publish","type":"page","link":"https:\/\/slsb.cz\/en\/2017-02\/","title":{"rendered":"2017-02"},"content":{"rendered":"<h1 class=\"has-text-align-right wp-block-heading\">SLEZSK\u00dd SBORN\u00cdK CXV \/ 2017, \u010d\u00edslo 2<\/h1>\n\n\n\n<h2 class=\"wp-block-heading\"><a href=\"\/wp-content\/uploads\/SlSb_2_17_1.pdf\">Las, jeziora, bagna i droga. Rozw\u00f3j osadnictwa na p\u00f3\u0142nocnych rubie\u017cach \u015al\u0105ska<\/a><\/h2>\n\n\n\n<h3 class=\"wp-block-heading\">Forest, lakes, swamps and road. The development of settlement at the Northern frontiers of Silesia<\/h3>\n\n\n\n<h4 class=\"wp-block-heading\">Dagmara Adamska<\/h4>\n\n\n\n<h5 class=\"wp-block-heading\">The area between Lake S\u0142awskie and Rudzie\u0144skie, which was incorporated in the boundaries of Silesia at the end of the 13th century was still, at the beginning of the 16th century, covered by border wilderness with its numerous lakes, streams and swamps. Since at least the 13th century, communication routes have passed through it, of which the most important connected Silesia with Greater Poland. At the turn of the 12th and 13th century and in the first half of the 13th century, the area was subject to colonisation on the initiative of the rulers of Greater Poland. The early 13th century also saw dispersed settlement to the south of Lake S\u0142awskie on the initiative of the Silesian rulers.\nThe next phase of colonisation is marked by the activity of a new holder of this land \u2013 Henry III of G\u0142og\u00f3w (died 1309), the initiator of the construction of castellany in Tarn\u00f3w Jezierny (with colonisation functions) and grating S\u0142awa its town charter, around which a small settlement complex was formed in the first half of the 14th century. Further progress in clearing the wilderness was recorded later in public registers. At the end of the 14th century or at the beginning of the 15th century Che\u0142mek, Lubi\u0119cin, Kolsko and Konotop were founded. In modern times (16th-19th century), numerous manors, estates next to inns, diminished settlement of millers, shepherds, glaziers and fishermen were \u2018separated\u2019 from the area of medieval villages and gave rise to today\u2019s several hamlets. The route of the road gave also rise to granting Konotop city rights (1706). The shape of the town as well as the professional profile of the inhabitants were adjusted to the transit functions of the centre.<\/h5>\n\n\n\n<h2 class=\"wp-block-heading\"><a href=\"\/wp-content\/uploads\/SlSb_2_17_2.pdf\">Mocensk\u00e9 strategie Bolka V. Opolsk\u00e9ho na moravsko-slezsk\u00e9m pomez\u00ed<\/a><\/h2>\n\n\n\n<h3 class=\"wp-block-heading\">The power strategy of Bolek V. of Opole on the Moravian \u2013 Silesian border<\/h3>\n\n\n\n<h4 class=\"wp-block-heading\">David Radek<\/h4>\n\n\n\n<h5 class=\"wp-block-heading\">This study focuses on the personality of Bolek V, the Duke of Opole, and his attempt to expand his own domain into the area of the Moravian-Silesian border. The core of the work is formed by the analysis of the power strategies of Bolek V, which he applied especially to the representatives of Opava P\u0159emyslids. The inclusion of these strategies in the overall context of the power behaviour of the Duke of Opole is an equally important part of the work.<\/h5>\n\n\n\n<h2 class=\"wp-block-heading\"><a href=\"\/wp-content\/uploads\/SlSb_2_17_3.pdf\">Etablov\u00e1n\u00ed C\u00edrkve \u010deskoslovensk\u00e9 v ostravsk\u00e9 m\u011bstsk\u00e9 \u010dtvrti Svinov v letech 1923\u20131934 v kontextu v\u00fdvoje \u0159\u00edmskokatolick\u00e9 farnosti<\/a><\/h2>\n\n\n\n<h3 class=\"wp-block-heading\">Establishment of the Czechoslovak Church in the Svinov district of Ostrava between 1923 and 1934 in the context of the development of the Roman Catholic parish<\/h3>\n\n\n\n<h4 class=\"wp-block-heading\">Pavel B\u0159ezinsk\u00fd<\/h4>\n\n\n\n<h5 class=\"wp-block-heading\">Establishment of the Czechoslovak Church in the Svinov district of Ostrava between 1923 and 1934 in the context of the development of the Roman Catholic parish. Changes taking place in the first quarter of the 20th century in the entire society, which culminated in the emergence of independent Czechoslovakia, brought several outcomes and novelties in the ecclesiastical area. It was, in addition to the departure from the Roman Catholic Church (Rome), the genesis of the new churches, established after the break-up of the Habsburg Empire. In addition to the Czechoslovak Evangelical Church (1918) and the Czech Orthodox Church (1918), or the Czech Orthodox Religious Community (1921), it was the Czechoslovak Church (1920) we focus on who followed the tradition of Hussitism and the Czech Reformation. The beginning of this proclaimed national church can be observed, apart from Prague, for example in the Ostrava region where, on January 15, 1920, one of the first religious communities in Czechoslovakia was founded in Radvanice (today part of the city of Ostrava). And besides that, Svinov, in which, as well as in the surrounding villages, open conflicts between the Roman Catholics and the members of the Czechoslovak Church took place, brings an interesting story of the way to founding a religious community. They ceased, to the satisfaction of both groups, after the church of Christ the King and John Huss Congregation had been built.<\/h5>\n\n\n\n<h2 class=\"wp-block-heading\"><a href=\"\/wp-content\/uploads\/SlSb_2_17_4.pdf\">Bezpe\u010dnostn\u011b-politick\u00e9 pom\u011bry na Hlu\u010d\u00ednsku o\u010dima po\u0159\u00e1dkov\u00e9ho apar\u00e1tu v prvn\u00ed polovin\u011b 30. let 20. stolet\u00ed<\/a><\/h2>\n\n\n\n<h3 class=\"wp-block-heading\">The security-political situation in the Hlu\u010d\u00edn region as seen by the security apparatus in the first half of the 1930s<\/h3>\n\n\n\n<h4 class=\"wp-block-heading\">Ivana Kol\u00e1\u0159ov\u00e1<\/h4>\n\n\n\n<h5 class=\"wp-block-heading\">The study documents and analyzes the structure and operation of the state police and gendarmerie in the Hlu\u010d\u00edn region at the time of the territorial reform of the Hlu\u010d\u00edn district in 1929 after the parliamentary elections in May 1935. Attention focuses on the state-security agenda of the security apparatus, taking into account the important social milestones of the given period. The text further describes various forms of pro-German agitation and the main features of the security-political situation in the region, with the aim of capturing the specifics and differences of the development in the Hlu\u010d\u00edn region compared to other border regions.<\/h5>\n\n\n\n<h2 class=\"wp-block-heading\"><a href=\"\/wp-content\/uploads\/SlSb_2_17_5.pdf\">Privatunterricht \u2013 soukrom\u00e9 vyu\u010dov\u00e1n\u00ed v n\u011bmeck\u00e9m jazyce na Hlu\u010d\u00ednsku v letech 1920\u20131938<\/a><\/h2>\n\n\n\n<h3 class=\"wp-block-heading\">Privatunterricht \u2013 private teaching in German language in Hlu\u010d\u00edn region 1920\u20131938<\/h3>\n\n\n\n<h4 class=\"wp-block-heading\">Irena \u0160ebestov\u00e1<\/h4>\n\n\n\n<h5 class=\"wp-block-heading\">From 1920 to 1938, private teaching in the German language (Privatunterricht) organized by the German minority in parallel with the official general education in the then Czechoslovak Republic took place in the territory of today\u2018s Hlu\u010d\u00edn region. This form of private teaching in individual municipalities was organized and financially sponsored by the German Cultural Association. The greatest interest in private teaching in German was evinced in the municipalities of Hlu\u010d\u00edn and Krava\u0159e, where the groups of German-speaking children were the most numerous. In the archival materials stored primarily in the Land Archive in Opava, we can find data about the course of private lessons. As an example, the 1928\/29 and 1929\/30 school years were selected, when private teaching at the Hlu\u010d\u00edn region was provided in nineteen municipalities. Nowadays, only a few eyewitnesses who attended these private lessons and whose authentic testimonies can prove the historical facts live in Hlu\u010d\u00edn.<\/h5>\n\n\n\n<h2 class=\"wp-block-heading\"><a href=\"\/wp-content\/uploads\/SlSb_2_17_6.pdf\">Soci\u00e1ln\u00ed problematika v \u010dinnosti z\u00e1vodn\u00edch rad v regionu v\u00fdchodn\u00edho Slezska v letech 1945\u20131948<\/a><\/h2>\n\n\n\n<h3 class=\"wp-block-heading\">Social agenda of labor councils in Eastern Silesia in 1945\u20131948<\/h3>\n\n\n\n<h4 class=\"wp-block-heading\">Lubom\u00edr Hlavienka<\/h4>\n\n\n\n<h5 class=\"wp-block-heading\">The article is aimed to social agenda of labour councils in the region of eastern Silesia in years 1945\u20131948. During the last days of world war second were created labour councils at many factories at the territory of Protectorate Czech and Moravia. This counciles became the important instruments of social policy. The article describe various ways of labour council\u00b4s social agenda and his changes during four different periods that we can delimiter between years 1945 and 1948. Main following topics in the article are wages, living conditions and workers discipline.<\/h5>\n\n\n\n<h2 class=\"wp-block-heading\"><a href=\"\/wp-content\/uploads\/SlSb_2_17_7.pdf\">\u017divotn\u00ed prost\u0159ed\u00ed na Ostravsku v letech 1948-1970 a tzv. socialistick\u00e1 industrializace<\/a><\/h2>\n\n\n\n<h3 class=\"wp-block-heading\">The environment in the Ostrava region between 1948 and 1970 and the so-called socialist industrialization<\/h3>\n\n\n\n<h4 class=\"wp-block-heading\">Nina Pavel\u010d\u00edkov\u00e1 \u2013 Petr Popelka<\/h4>\n\n\n\n<h5 class=\"wp-block-heading\">The study outlines the basic environmental issues within the Ostrava industrial area from 1948 to the beginning of normalization. The authors point to the fact that the coalfield experienced serious environmental problems from the 19th century. After the Communist coup in 1948, the existing problems severely deteriorated over a very short period of time in connection with the enforcement of the so-called steel concept, which unilaterally favoured massive strengthening of the heavy industry. During the 1950s and 1960s, the devastation of the landscape in the Ostrava-Karvin\u00e1 coalfield reached such extent that the coalfield began to literally collapse in its core functions and became an object of interest of the government bodies. The essential environmental problems first commenced the endeavour to implement at least provisional measures aimed at remediation, followed by more systematic measures based on the newly created national legislation. The efforts to introduce an economic reform in the second half of the 1960s attained partial success in limiting the extensive development of heavy industry in the Ostrava region, which could have a positive effect on the overall development of the healthy environment in the future. The attempt to complete the basic legislative process, which was to enforce the rules applicable to the biggest air and water polluters, seemed to be a kind of promise. Nevertheless, the period of the 1950s and 1960s appears to be rather a period of experiments, provisional solutions, organizational uncertainties and a search for new ways.<\/h5>\n\n\n<h2><a href=\"\/wp-content\/uploads\/SlSb_2_17_8.pdf\">Recenze a zpr\u00e1vy o literatu\u0159e<\/a><\/h2>\n<p><!-- \/wp:post-content --><\/p>\n<p><!-- wp:heading {\"level\":3} --><\/p>\n<h3>Bettina BRAUN \u2013 Katrin KELLER \u2013 Matthias Schnettger (edd.), Nur die Frau des Kaisers? Kaiserinnen in der Fr\u00fchen Neuzeit. (Rostislav Sm\u00ed\u0161ek)<\/h3>\n<p><!-- \/wp:heading --><\/p>\n<p><!-- wp:heading {\"level\":3} --><\/p>\n<h3>Zdenko Mar\u0161\u00e1lek, \u010cesk\u00e1, nebo \u010deskoslovensk\u00e1 arm\u00e1da? N\u00e1rodnostn\u00ed slo\u017een\u00ed \u010deskoslovensk\u00fdch vojensk\u00fdch jednotek v zahrani\u010d\u00ed v letech 1939\u2013 1945. (Lubom\u00edr Hlavienka)<\/h3>\n<p><!-- \/wp:heading --><\/p>\n<p><!-- wp:heading {\"level\":3} --><\/p>\n<h3>Franti\u0161ek VA\u0160EK \u2013 Vladim\u00edr \u010cERN\u00dd \u2013 Jan B\u0158E\u010cKA, M\u00edsta zkropen\u00e1 krv\u00ed. Kounicovy studentsk\u00e9 koleje v Brn\u011b v letech nacistick\u00e9 okupace 1940\u20131945. (Ond\u0159ej Kol\u00e1\u0159)<\/h3>\n<p><!-- \/wp:heading --><\/p>\n<p><!-- wp:heading --><\/p>\n<h2><a href=\"\/wp-content\/uploads\/SlSb_2_17_9.pdf\">Chronicle<\/a><\/h2>\n<p><!-- \/wp:heading --><\/p>\n<p><!-- wp:heading {\"level\":3} --><\/p>\n<h3>Ohl\u00e9dnut\u00ed za XII. konferenc\u00ed policejn\u00edch historik\u016f. (Ond\u0159ej Kol\u00e1\u0159)<\/h3>\n<p><!-- \/wp:heading --><\/p>\n<p><!-- wp:heading --><\/p>\n<h2><a href=\"\/wp-content\/uploads\/SlSb_2_17_10.pdf\">Bibliografick\u00e1 p\u0159\u00edloha<\/a><\/h2>\n<p><!-- \/wp:heading --><\/p>","protected":false},"excerpt":{"rendered":"<p>SLEZSK\u00dd SBORN\u00cdK CXV \/ 2017, \u010d\u00edslo 2 Las, jeziora, bagna i droga. Rozw\u00f3j osadnictwa na p\u00f3\u0142nocnych rubie\u017cach \u015al\u0105ska Forest, lakes, swamps and road. The development of settlement at the Northern frontiers of Silesia Dagmara Adamska The area between Lake S\u0142awskie and Rudzie\u0144skie, which was incorporated in the boundaries of Silesia at the end of the&hellip; <a class=\"more-link\" href=\"https:\/\/slsb.cz\/en\/2017-02\/\">Continue reading <span class=\"screen-reader-text\">2017-02<\/span><\/a><\/p>","protected":false},"author":1,"featured_media":0,"parent":0,"menu_order":0,"comment_status":"closed","ping_status":"closed","template":"","meta":{"footnotes":""},"class_list":["post-727","page","type-page","status-publish","hentry","entry"],"_links":{"self":[{"href":"https:\/\/slsb.cz\/en\/wp-json\/wp\/v2\/pages\/727","targetHints":{"allow":["GET"]}}],"collection":[{"href":"https:\/\/slsb.cz\/en\/wp-json\/wp\/v2\/pages"}],"about":[{"href":"https:\/\/slsb.cz\/en\/wp-json\/wp\/v2\/types\/page"}],"author":[{"embeddable":true,"href":"https:\/\/slsb.cz\/en\/wp-json\/wp\/v2\/users\/1"}],"replies":[{"embeddable":true,"href":"https:\/\/slsb.cz\/en\/wp-json\/wp\/v2\/comments?post=727"}],"version-history":[{"count":1,"href":"https:\/\/slsb.cz\/en\/wp-json\/wp\/v2\/pages\/727\/revisions"}],"predecessor-version":[{"id":728,"href":"https:\/\/slsb.cz\/en\/wp-json\/wp\/v2\/pages\/727\/revisions\/728"}],"wp:attachment":[{"href":"https:\/\/slsb.cz\/en\/wp-json\/wp\/v2\/media?parent=727"}],"curies":[{"name":"wp","href":"https:\/\/api.w.org\/{rel}","templated":true}]}}