{"id":715,"date":"2022-03-31T00:27:24","date_gmt":"2022-03-30T22:27:24","guid":{"rendered":"https:\/\/slsb.cz\/?page_id=715"},"modified":"2022-03-31T00:33:14","modified_gmt":"2022-03-30T22:33:14","slug":"2018-02","status":"publish","type":"page","link":"https:\/\/slsb.cz\/en\/2018-02\/","title":{"rendered":"2018-02"},"content":{"rendered":"<h1 class=\"has-text-align-right wp-block-heading\">SLEZSK\u00dd SBORN\u00cdK CXV \/ 2018, \u010d\u00edslo 2<\/h1>\n\n\n\n<h2 class=\"wp-block-heading\"><a href=\"\/wp-content\/uploads\/SlSb_2_18_1.pdf\">Eradicating the Distinctness of the Silesian Political System in the Period of the First Silesian War (1740\u20131742)<\/a><\/h2>\n\n\n\n<h3 class=\"wp-block-heading\">Eradicating the Distinctness of the Silesian Political System in the Period of the First Silesian War (1740\u20131742)<\/h3>\n\n\n\n<h4 class=\"wp-block-heading\">Jakub Pokoj<\/h4>\n\n\n\n<h5 class=\"wp-block-heading\">The annexation of a part of Silesia by Prussia as the result of the First Silesian War (1740\u20131742) constitutes a milestone in the history of Silesia. Despite the fact that by the time Silesia was a politically separate part of the Kingdom of Bohemia, as early as during the war campaign Frederick began to reorganize the Silesian political system. The Prussian king acted in two ways. Some of the previous institutions were abolished by legal acts issued by Frederick as the conqueror, whereas others were being cancelled per factam concludentiam, without the use of any legal instruments. Frederician reforms ultimately removed all of the previous feudal reminiscences of the Silesian political system, making Silesia similar to other parts of the Prussian state.<\/h5>\n\n\n\n<h2 class=\"wp-block-heading\"><a href=\"\/wp-content\/uploads\/SlSb_2_18_2.pdf\">Sb\u00edrka kram\u00e1\u0159sk\u00fdch tisk\u016f v Pam\u00e1tn\u00edku Petra Bezru\u010de v Opav\u011b<\/a><\/h2>\n\n\n\n<h3 class=\"wp-block-heading\">Broadside Ballads from the Collections of the Petr Bezru\u010d Memorial in Opava<\/h3>\n\n\n\n<h4 class=\"wp-block-heading\">Martina Dragonov\u00e1 \u2013 Monika Szturcov\u00e1<\/h4>\n\n\n\n<h5 class=\"wp-block-heading\">The study focuses on the broadside ballads from the Silesian area which are part of the collections of the Petr Bezru\u010d Memorial in Opava. The collection is complexly characterized in terms of represented genres, content, dating and the provenance of prints and represented languages. Attention is also paid to broadside ballads collectors in Silesia.<\/h5>\n\n\n\n<h2 class=\"wp-block-heading\"><a href=\"\/wp-content\/uploads\/SlSb_2_18_3.pdf\">Franti\u0161ek Kahlik a \u010desk\u00e1 kultura na Morav\u011b a ve Slezsku na p\u0159elomu 19. a 20. stolet\u00ed<\/a><\/h2>\n\n\n\n<h3 class=\"wp-block-heading\">Franti\u0161ek Kahlik and Czech Culture in Moravia and Czech Part Silesia at the end of the 19th Century<\/h3>\n\n\n\n<h4 class=\"wp-block-heading\">Pavel \u0160op\u00e1k<\/h4>\n\n\n\n<h5 class=\"wp-block-heading\">Franti\u0161ek Kahlik is introduced as a type of a high school professor on the periphery, where he coped with, in the framework of Czech-German antagonism, tasks beyond the mere pedagogical activity. Kahlik was active in clubs and was known as an impassioned speaker and as an exhibition organizer. The study presents, in detail, Kahlik\u2018s texts, which are divided into texts from the field of history, geography and fiction. The most important publication is the anthology of translations named \u201eKytice z luh\u016f slovansk\u00fdch\u201c (Bouquet from the Slavic Meadows), which was published in two editions, in 1893 and 1898. The study refers to the abundant news reports about Franti\u0161ek Kahlik showing that the defiance of the Czech cultural centres (Opava, Z\u00e1b\u0159eh) was also known in Prague or in Brno. The text was written on the occasion of the 110th anniversary of Kahlik\u2018s death; but it is more than a jubilee reminder of this teacher and association worker, as it reveals some connections in meaning and the context in which Kahlik\u2018s intellectual profile was formed.<\/h5>\n\n\n\n<h2 class=\"wp-block-heading\"><a href=\"\/wp-content\/uploads\/SlSb_2_18_4.pdf\">O mlyn\u00e1\u0159i a jeho vin\u011b: V\u011bstn\u00edk \u010desk\u00e9 men\u0161iny Vil\u00e9ma Stanovsk\u00e9ho<\/a><\/h2>\n\n\n\n<h3 class=\"wp-block-heading\">The Miller and his Guilt: V\u011bstn\u00edk \u010desk\u00e9 men\u0161iny by Vil\u00e9m Stanovsk\u00fd<\/h3>\n\n\n\n<h4 class=\"wp-block-heading\">V\u00e1clav Vel\u010dovsk\u00fd<\/h4>\n\n\n\n<h5 class=\"wp-block-heading\">Vil\u00e9m Stanovsk\u00fd published in 1938\u20131940 in Nov\u00fd Ji\u010d\u00edn the Czech Minority Journal (V\u011bstn\u00edk \u010desk\u00e9 men\u0161iny), the only one Czech-language periodical in the Sudetenland. The newspapers indifferently oscillated between collaboration, retardation and resistance. After the war, Stanovsk\u00fd was judged by the Extraordinary People\u2019s Court. Although he was recognized as guilty, it was dropped from the punishment. The aim of this paper is to introduce the Journal, published articles and journalistic writing strategies for the Czechs in the Sudetenland on the background of the transitional justice. An indirect aim is the problem-making of the concept of collaboration, guilt and punishment of the Sudetenland inhabitants in the post-war Czechoslovakia.<\/h5>\n\n\n\n<h2 class=\"wp-block-heading\"><a href=\"\/wp-content\/uploads\/SlSb_2_18_5.pdf\">Feldgrau i Battledress: Hlu\u010d\u00ed\u0148an\u00e9 v \u010deskoslovensk\u00e9 zahrani\u010dn\u00ed arm\u00e1d\u011b<\/a><\/h2>\n\n\n\n<h3 class=\"wp-block-heading\">Feldgrau and Battledress: Men from Hlu\u010d\u00edn Region in Czechoslovak Exile Army<\/h3>\n\n\n\n<h4 class=\"wp-block-heading\">Ji\u0159\u00ed Nemin\u00e1\u0159<\/h4>\n\n\n\n<h5 class=\"wp-block-heading\">It is not a well-known fact that in the Czechoslovak foreign army served German prisoners of war who were former members of the Nazi armed forces. These men came predominantly from frontier areas of the Sileasian districts. The interesting and very specific group of people was created by those who were native inhabitants of the Hlu\u010d\u00ednsko region. This research paper gives an idea about their participation in the Czechoslovak foreign resistance. Moreover, the reseach paper tries to answer basic questions about the resistance because this issue has not been elaborated so far. Authenticated numbers of people from Hlu\u010d\u00edn who served in the foreign army, or allied division are presented in this paper for the first time ever. Furthermore, specifics between soldiers\u00b4 participation in the West and in the East have been outlined as well.<\/h5>\n\n\n\n<h2 class=\"wp-block-heading\"><a href=\"\/wp-content\/uploads\/SlSb_2_18_6.pdf\">Silesia &#8211; Oblivion: Territory and its Past in Contemporary Lower Silesians\u00b4 Identity Constructions<\/a><\/h2>\n\n\n\n<h3 class=\"wp-block-heading\">Silesia &#8211; Oblivion: Territory and its Past in Contemporary Lower Silesians\u00b4 Identity Constructions<\/h3>\n\n\n\n<h4 class=\"wp-block-heading\">Rafa\u0142 Riedel<\/h4>\n\n\n\n<h5 class=\"wp-block-heading\">This study focuses on explaining an important element of identity constructions \u2013 that is the history of the inhabited place, in this case of Lower Silesia. Time and space continuity constitutes a fundamental component of any identity concept \u2013 at the same time they remain problematic in the case of Wroc\u0142aw and the region of Lower Silesia. Relying on fresh qualitative and quantitative data from an extensive research project this paper evaluates the multiple dimensions and contexts of this regional identity. Although it does not cover all components and aspects of the Lower Silesians identity (which is determined by the scale of the paper), the author believes that this text improves the understanding of Lower Silesians\u2019 attitudes towards their territory and its past as identity building components. The territorial \u2013 administrative reform undertaken in Poland in late 1990. stimulated the rediscovery of regional (and local) specificities within the national space supposedly homogenous \u2013 according to the almost half-a-century long communist regime propaganda. In the region like Lower Silesia, which for centuries remained outside of the Polish territory and culture it became a double challenge. But one cannot understand the region without its history \u2013 however today\u2019s inhabitants of Lower Silesia try hard to do so, focusing much more on other (then space) components of their identity building, localising the gravity point of their identifications in a secure (from the Polish point of view) ethnic and negative identity concepts.<\/h5>\n\n\n<h2><a href=\"\/wp-content\/uploads\/SlSb_2_18_7.pdf\">Recenze a zpr\u00e1vy o literatu\u0159e<\/a><\/h2>\n<p><!-- \/wp:post-content --><\/p>\n<p><!-- wp:heading {\"level\":3} --><\/p>\n<h3>Libu\u0161e SP\u00c1\u010cILOV\u00c1 \u2013 Vladim\u00edr SP\u00c1\u010cIL (edd.), Nejstar\u0161\u00ed matrika olomouck\u00e9 univerzity z let (1576) 1590\u20131651. Die \u00e4lteste Matrikel der Olm\u00fctzer Universit\u00e4t aus den Jahren (1576) 1590\u20131651. (Karel M\u00fcller)<\/h3>\n<p><!-- \/wp:heading --><\/p>\n<p><!-- wp:heading {\"level\":3} --><\/p>\n<h3>Tom\u00e1\u0161 \u0158eha (ed.), Edice topograficko-statistick\u00e9ho popisu Moravy a Slezska Alb\u00edna Heinricha. (Janusz Spyra)<\/h3>\n<p><!-- \/wp:heading --><\/p>\n<p><!-- wp:heading {\"level\":3} --><\/p>\n<h3>Sbohem monarchie. Habsbursk\u00e9 mocn\u00e1\u0159stv\u00ed 1804\u20131918. (Marie Gawreck\u00e1)<\/h3>\n<p><!-- \/wp:heading --><\/p>\n<p><!-- wp:heading {\"level\":3} --><\/p>\n<h3>Petr MAJER \u2013 Zby\u0161ek OND\u0158EKA \u2013 Jan SAHEB, \u010ceskosloven\u0161t\u00ed legion\u00e1\u0159i z T\u011b\u0161\u00ednska. (Ond\u0159ej Kol\u00e1\u0159)<\/h3>\n<p><!-- \/wp:heading --><\/p>\n<p><!-- wp:heading {\"level\":3} --><\/p>\n<h3>Pavel KREISINGER: \u010ce\u0161i a Slov\u00e1ci v Austr\u00e1lii v 1. polovin\u011b 20. stolet\u00ed a jejich \u00fa\u010dast ve sv\u011btov\u00fdch v\u00e1lk\u00e1ch. (Ond\u0159ej Kol\u00e1\u0159)<\/h3>\n<p><!-- \/wp:heading --><\/p>\n<p><!-- wp:heading {\"level\":3} --><\/p>\n<h3>Milan My\u0161ka: Vzpom\u00edn\u00e1n\u00ed aneb \u201eTri dni ma nah\u00e1\u0148ali, e\u0161t\u011b ma n\u011bdostali \u2026\u201c (Kamil Rodan)<\/h3>\n<p><!-- \/wp:heading --><\/p>\n<p><!-- wp:heading --><\/p>\n<h2><a href=\"\/wp-content\/uploads\/SlSb_2_18_8.pdf\">Chronicle<\/a><\/h2>\n<p><!-- \/wp:heading --><\/p>\n<p><!-- wp:heading {\"level\":3} --><\/p>\n<h3>Karel M\u00fcller \u0161edes\u00e1tn\u00edkem. (Zden\u011bk Jir\u00e1sek)<\/h3>\n<p><!-- \/wp:heading --><\/p>\n<p><!-- wp:heading {\"level\":3} --><\/p>\n<h3>Pavel Zatloukal: 70 let. (Pavel \u0160op\u00e1k)<\/h3>\n<p><!-- \/wp:heading --><\/p>\n<p><!-- wp:heading --><\/p>\n<h2><a href=\"\/wp-content\/uploads\/SlSb_2_18_9.pdf\">Bibliografick\u00e1 p\u0159\u00edloha<\/a><\/h2>\n<p><!-- \/wp:heading --><\/p>","protected":false},"excerpt":{"rendered":"<p>SLEZSK\u00dd SBORN\u00cdK CXV \/ 2018, \u010d\u00edslo 2 Eradicating the Distinctness of the Silesian Political System in the Period of the First Silesian War (1740\u20131742) Eradicating the Distinctness of the Silesian Political System in the Period of the First Silesian War (1740\u20131742) Jakub Pokoj The annexation of a part of Silesia by Prussia as the result&hellip; <a class=\"more-link\" href=\"https:\/\/slsb.cz\/en\/2018-02\/\">Continue reading <span class=\"screen-reader-text\">2018-02<\/span><\/a><\/p>","protected":false},"author":1,"featured_media":0,"parent":0,"menu_order":0,"comment_status":"closed","ping_status":"closed","template":"","meta":{"footnotes":""},"class_list":["post-715","page","type-page","status-publish","hentry","entry"],"_links":{"self":[{"href":"https:\/\/slsb.cz\/en\/wp-json\/wp\/v2\/pages\/715","targetHints":{"allow":["GET"]}}],"collection":[{"href":"https:\/\/slsb.cz\/en\/wp-json\/wp\/v2\/pages"}],"about":[{"href":"https:\/\/slsb.cz\/en\/wp-json\/wp\/v2\/types\/page"}],"author":[{"embeddable":true,"href":"https:\/\/slsb.cz\/en\/wp-json\/wp\/v2\/users\/1"}],"replies":[{"embeddable":true,"href":"https:\/\/slsb.cz\/en\/wp-json\/wp\/v2\/comments?post=715"}],"version-history":[{"count":3,"href":"https:\/\/slsb.cz\/en\/wp-json\/wp\/v2\/pages\/715\/revisions"}],"predecessor-version":[{"id":725,"href":"https:\/\/slsb.cz\/en\/wp-json\/wp\/v2\/pages\/715\/revisions\/725"}],"wp:attachment":[{"href":"https:\/\/slsb.cz\/en\/wp-json\/wp\/v2\/media?parent=715"}],"curies":[{"name":"wp","href":"https:\/\/api.w.org\/{rel}","templated":true}]}}