{"id":552,"date":"2021-10-14T15:52:27","date_gmt":"2021-10-14T13:52:27","guid":{"rendered":"https:\/\/slsb.cz\/?page_id=552"},"modified":"2023-05-24T20:42:34","modified_gmt":"2023-05-24T18:42:34","slug":"2020-02","status":"publish","type":"page","link":"https:\/\/slsb.cz\/en\/2020-02\/","title":{"rendered":"2020-02"},"content":{"rendered":"<h1 class=\"wp-block-heading has-text-align-right\">SLEZSK\u00dd SBORN\u00cdK CXVIII \/ 2020, \u010d\u00edslo 2<\/h1>\n\n\n\n<h2 class=\"wp-block-heading\"><a href=\"\/wp-content\/uploads\/SlSb_2_20_1.pdf\">Milites ksi\u0119cia Ludwika I brzeskiego w \u015bwietle landbucha Lehn und Erbe (1358\u20131366)<\/a><\/h2>\n\n\n\n<h3 class=\"wp-block-heading\">Milites of Prince Louis I. of Brzeg in Light of Landbuch Lehn und Erbe (1358\u20131366)<\/h3>\n\n\n\n<h4 class=\"wp-block-heading\">Jaroslaw Szyma\u0144ski<\/h4>\n\n\n\n<h5 class=\"wp-block-heading\">The aim of this work is to identify knights that were among the retinue of Duke Louis I of Brzeg and to analyse the meaning of the term miles (Ritter) in the landbuch Lehn und Erbe. This estate register, or landbuch, documents the reign of Louis I (died 1399) and includes entries from the period 1358\u20131366. It is currently held in the State Archives in Wroc\u0142aw with the item number Rep. 21, nr 474. The landbuch consists of 181 pages containing 635 documents and notes which are the subject of this analysis. Particular attention has been paid to the frequency, place and time of appearance of knights, to the dependency of the title miles-Ritter on the type of document (whether it is a complete entry or excerpt), to the dependency of the title on the frequency with which the knight served by signing documents as a witness, and also to the position of the knight\u2019s family. A further significant factor is the relation of the title to the content of the document, primarily to information on whether the holder of the title provided military service on horseback. Final topics for consideration are the relation between the appearance of the knight as a witness on documents within a given jurisdiction, or weichbild, and the political situation, as well as a verification of the hypothesis that the \u201cnon-knights\u201d mentioned were squires and that the strenuus miles represented an individual who had been formally awarded knighthood.<\/h5>\n\n\n\n<h2 class=\"wp-block-heading\"><a href=\"\/wp-content\/uploads\/SlSb_2_20_2.pdf\">Former knacker\u02bcs yards in Silesia based on the results of archeological research in Kamienna G\u00f3ra and Z\u0142otoryja<\/a><\/h2>\n\n\n\n<h3 class=\"wp-block-heading\">Former Knacker\u00b4s Yards in Silesia Based on the Results of Archeological Research in Kamenia G\u00f3ra and Z\u0142otoryja<\/h3>\n\n\n\n<h4 class=\"wp-block-heading\">Pawe\u0142 Duma \u2013 Daniel Wojtucki \u2013 Aleksander Chr\u00f3szcz \u2013 Maciej Janeczek<\/h4>\n\n\n\n<h5 class=\"wp-block-heading\">Archaeological work led to discoveries of previously unknown relics of masonry gallows in Z\u0142otoryja and Kamienna G\u00f3ra (Silesia, Poland). Both human and animal remains were found there. These remains were subjected to archeozoological and anthropological analysis. From historical sources we know that the boundaries of some places of execution coincided with the boundaries of knacker\u02bcs yards. To these places an animal carcass was transported from the area, but also many activities related to obtaining animal products or their utilisation were performed. It\u2019s resulting in big amount of bones found on both sites. The total number of animal remains acquired in Kamienna G\u00f3ra and Z\u0142otoryja was 16,465. In Kamienna G\u00f3ra 7,476 bones were found, while in Z\u0142otoryja 8,989. Summing animal and human bones, it can be noticed that the share of the latter belonged to a distinct minority. Skeletal remains of horses and dogs clearly dominated on both sites. The results of this analysis also showed clearly that the bone material obtained in the area of a knacker\u2019s yard is significantly different from that which is found during excavations conducted within human settlements.<\/h5>\n\n\n\n<h2 class=\"wp-block-heading\"><a href=\"\/wp-content\/uploads\/SlSb_2_20_3.pdf\">Polsk\u00e9 kram\u00e1\u0159sk\u00e9 tisky z t\u011b\u0161\u00ednsk\u00e9 Proch\u00e1zkovy tisk\u00e1rny<\/a><\/h2>\n\n\n\n<h3 class=\"wp-block-heading\">Polish Broadside Ballads by Proch\u00e1zka Printing House in T\u011b\u0161\u00edn<\/h3>\n\n\n\n<h4 class=\"wp-block-heading\">Monika Szturcov\u00e1<\/h4>\n\n\n\n<h5 class=\"wp-block-heading\">The study focuses on the printing practice on the Czech-Polish border in the 19th century, which is demonstrated in an example of the Polish shopkeeper\u2018s production of the T\u011b\u0161\u00edn printing house belonging to several generations of the Proch\u00e1zka family. We try to analyze its thematic and genre range and present examples of the most interesting prints related to the T\u011b\u0161\u00edn region.<\/h5>\n\n\n\n<h2 class=\"wp-block-heading\"><a href=\"\/wp-content\/uploads\/SlSb_2_20_4.pdf\">Moravsk\u00fd kol\u00e1\u010d i mamin\u010din Mehlspeis. Pohled do kuchyn\u011b historika a archiv\u00e1\u0159e V\u00e1clava Hauera (1860\u20131942) a jeho \u017eeny R\u016f\u017eeny rozen\u00e9 Seidlov\u00e9 (1867\u20131942)<\/a><\/h2>\n\n\n\n<h3 class=\"wp-block-heading\">Moravian Pie and Mother\u00b4s Mehlspeis. Sight in Kitchen of Historian and Archivist V\u00e1clav Hauer (1860\u20131942) and his Wife R\u016f\u017eena N\u00e9e Seidl (1867\u20131942)<\/h3>\n\n\n\n<h4 class=\"wp-block-heading\">Petr Koz\u00e1k<\/h4>\n\n\n\n<h5 class=\"wp-block-heading\">The core of the presented material study is formed by an analysis of a manuscript set of culinary recipes used in the household of V\u00e1clav Hauer, a long-term (1888\u20131926) professor at the Czech grammar school in Opava and a tireless organizer of Czech national life in the wider Opava region, and his wife R\u016f\u017eena Hauerov\u00e1 n\u00e9e Seidlov\u00e1. The range of raw materials, final products, but also, for example, changes in food preparation technology, which occurred due to changes in the food industry, transport and in the field of international trade, were analyzed. A specific issue was also represented by the language aspect of the preserved texts. In addition to the analysis itself, the study also includes a standard scientific edition of the analyzed source.<\/h5>\n\n\n\n<h2 class=\"wp-block-heading\"><a href=\"\/wp-content\/uploads\/SlSb_2_20_5.pdf\">Military Operations in the Osoblaha region in spring 1945<\/a><\/h2>\n\n\n\n<h3 class=\"wp-block-heading\">Military Operations in the Osoblaha Region in Spring 1945<\/h3>\n\n\n\n<h4 class=\"wp-block-heading\">Ale\u0161 Binar<\/h4>\n\n\n\n<h5 class=\"wp-block-heading\">In 1945, Osoblaha region (Osobla\u017esko) belonged to these territories of Czech Lands that were harshly damaged due to events of the Second World War. Osoblaha region was also a territory whose inhabitants were of German origin and thus expelled in 1946 and 1947 making the region to be an area without \u2018shared memory\u2019. Its result was the fact that there is still only a little known about the course of the military campaign during the Second World War in the territory of the Osoblaha region. The aim of this study is to describe the course of war events with regard both of German and Soviet armed forces, but with special focus on German Defence Force (Wehrmacht) and its units of Army Group \u2018Middle\u2019. Its aim is also to examine operational plans of belligerents and significance that belonged to the Osoblaha region among these plans.<\/h5>\n\n\n\n<h2 class=\"wp-block-heading\"><a href=\"\/wp-content\/uploads\/SlSb_2_20_6.pdf\">\u0158e\u0161en\u00ed probl\u00e9m\u016f \u017eivotn\u00edho prost\u0159ed\u00ed na p\u0159\u00edkladu Ostravska v letech 1970\u20131989<\/a><\/h2>\n\n\n\n<h3 class=\"wp-block-heading\">Solving the Problem of Enviroment on Case of Ostrava Region in 1970\u20131989<\/h3>\n\n\n\n<h4 class=\"wp-block-heading\">Nina Pavel\u010d\u00edkov\u00e1<\/h4>\n\n\n\n<h5 class=\"wp-block-heading\">The author follows up on a study mapping the development of the environment in the Ostrava region in the context of the development trends of the so-called socialist industrialization until 1969. In the monitored period, environmental issues came into the interests of the Communist Party leadership and the state; however, fundamental discrepancies continued between official proclamations, legislation, research projects and the real state of all components of the environment in the Ostrava region. Only the so-called Velvet Revolution in 1989 enabled the start of a new, realistic concept of environmental development in the entire Czechoslovakia as well as the most affected regions, including the Ostrava region.<\/h5>\n\n\n\n<h2 class=\"wp-block-heading\"><a href=\"\/wp-content\/uploads\/SlSb_2_20_7.pdf\">Recenze a zpr\u00e1vy o literatu\u0159e<\/a><\/h2>\n\n\n\n<h3 class=\"wp-block-heading\">Ji\u0159\u00ed GLONEK, Na Jesen\u00edky! O putov\u00e1n\u00ed jesenick\u00fdmi horami, turistick\u00fdch bedekrech a map\u00e1ch do roku 1945. (Ji\u0159\u00ed Knap\u00edk) <\/h3>\n\n\n\n<h3 class=\"wp-block-heading\">Edd. Peter \u0160vorc \u2013 Peter KOVA\u013d, Rok 1919 a \u010ceskoslovensko. Postavenie a premeny perif\u00e9ri\u00ed nov\u00e9ho \u0161t\u00e1tu v procese jeho kon\u0161tituovania. (Ond\u0159ej Kol\u00e1\u0159) <\/h3>\n\n\n\n<h3 class=\"wp-block-heading\">Jan DVO\u0158\u00c1K \u2013 Jaroslav FORM\u00c1NEK \u2013 Adam HRADILEK, \u010cechoslov\u00e1ci v Gulagu II. (P\u0159\u00edb\u011bhy krajan\u016f popraven\u00fdch \u010di v\u011bzn\u011bn\u00fdch v Sov\u011btsk\u00e9m svazu). (Kamil Rodan) <\/h3>\n\n\n\n<h3 class=\"wp-block-heading\">Karel Hartmann, Terez\u00ednsk\u00e1 epopej \u2013 To je ghetto. (Kamil Rodan)<\/h3>\n\n\n\n<h3 class=\"wp-block-heading\">So\u0148a \u010cerven\u00e1, St\u00fdsk\u00e1n\u00ed zak\u00e1z\u00e1no \u2013 Kousek m\u00e9ho divadeln\u00edho d\u011bje-pisu a zem\u011b-pisu. (Kamil Rodan)<\/h3>\n\n\n\n<h3 class=\"wp-block-heading\">Kamil RODAN, Neklidn\u00e9 stolet\u00ed aneb \u017d\u00edt se ct\u00ed. (Old\u0159ich V\u00e1clav\u00edk)<\/h3>\n\n\n\n<h2 class=\"wp-block-heading\"><a href=\"\/wp-content\/uploads\/SlSb_2_20_8.pdf\">Chronicle<\/a><\/h2>\n\n\n\n<h3 class=\"wp-block-heading\">Architekt Vladim\u00edr Chamr\u00e1d a jeho texty ze t\u0159ic\u00e1t\u00fdch a \u010dty\u0159ic\u00e1t\u00fdch let (K 75. v\u00fdro\u010d\u00ed vzniku expozitury Zemsk\u00e9ho n\u00e1rodn\u00edho v\u00fdboru v Moravsk\u00e9 Ostrav\u011b) (Pavel \u0160op\u00e1k)<\/h3>\n\n\n\n<h3 class=\"wp-block-heading\">Za doc. Martinem Kloubkem (Ond\u0159ej Kol\u00e1\u0159)<\/h3>\n\n\n\n<h2 class=\"wp-block-heading\"><a href=\"\/wp-content\/uploads\/SlSb_2_20_9.pdf\">Bibliografick\u00e1 p\u0159\u00edloha<\/a><\/h2>","protected":false},"excerpt":{"rendered":"<p>SLEZSK\u00dd SBORN\u00cdK CXVIII \/ 2020, \u010d\u00edslo 2 Milites ksi\u0119cia Ludwika I brzeskiego w \u015bwietle landbucha Lehn und Erbe (1358\u20131366) Milites of Prince Louis I. of Brzeg in Light of Landbuch Lehn und Erbe (1358\u20131366) Jaroslaw Szyma\u0144ski The aim of this work is to identify knights that were among the retinue of Duke Louis I of&hellip; <a class=\"more-link\" href=\"https:\/\/slsb.cz\/en\/2020-02\/\">Continue reading <span class=\"screen-reader-text\">2020-02<\/span><\/a><\/p>","protected":false},"author":1,"featured_media":0,"parent":0,"menu_order":0,"comment_status":"closed","ping_status":"closed","template":"","meta":{"footnotes":""},"class_list":["post-552","page","type-page","status-publish","hentry","entry"],"_links":{"self":[{"href":"https:\/\/slsb.cz\/en\/wp-json\/wp\/v2\/pages\/552","targetHints":{"allow":["GET"]}}],"collection":[{"href":"https:\/\/slsb.cz\/en\/wp-json\/wp\/v2\/pages"}],"about":[{"href":"https:\/\/slsb.cz\/en\/wp-json\/wp\/v2\/types\/page"}],"author":[{"embeddable":true,"href":"https:\/\/slsb.cz\/en\/wp-json\/wp\/v2\/users\/1"}],"replies":[{"embeddable":true,"href":"https:\/\/slsb.cz\/en\/wp-json\/wp\/v2\/comments?post=552"}],"version-history":[{"count":6,"href":"https:\/\/slsb.cz\/en\/wp-json\/wp\/v2\/pages\/552\/revisions"}],"predecessor-version":[{"id":813,"href":"https:\/\/slsb.cz\/en\/wp-json\/wp\/v2\/pages\/552\/revisions\/813"}],"wp:attachment":[{"href":"https:\/\/slsb.cz\/en\/wp-json\/wp\/v2\/media?parent=552"}],"curies":[{"name":"wp","href":"https:\/\/api.w.org\/{rel}","templated":true}]}}