{"id":332,"date":"2021-10-03T15:49:54","date_gmt":"2021-10-03T13:49:54","guid":{"rendered":"https:\/\/slsb.cz\/?page_id=332"},"modified":"2021-10-14T16:27:54","modified_gmt":"2021-10-14T14:27:54","slug":"2021-01","status":"publish","type":"page","link":"https:\/\/slsb.cz\/en\/2021-01\/","title":{"rendered":"2021-01"},"content":{"rendered":"<h1 class=\"has-text-align-right wp-block-heading\">SLEZSK\u00dd SBORN\u00cdK CXIX \/ 2021, \u010d\u00edslo 1<\/h1>\n\n\n\n<h2 class=\"wp-block-heading\"><a href=\"\/wp-content\/uploads\/SlSb_1_21_1.pdf\">Charakteristick\u00e9 rysy zbo\u017enosti \u017een z panovnick\u00fdch rodin v hagiografick\u00fdch textech ve st\u0159edn\u00ed Evrop\u011b ve 13. stolet\u00ed<\/a><\/h2>\n\n\n\n<h3 class=\"wp-block-heading\">Characteristic Features of Piety in Women from Sovereign Families in 13-century Central Europe<\/h3>\n\n\n\n<h4 class=\"wp-block-heading\">Zdislava Pivodov\u00e1<\/h4>\n\n\n\n<h5 class=\"wp-block-heading\">The study deals with characteristic features of piety in women with sovereign background in 13th Century Central Europe and their mutual influences. It presents the conclusions of a comparative analysis of their legends with a critical commentary which evaluates the concepts in the context of legendistic topoi.<\/h5>\n\n\n\n<h2 class=\"wp-block-heading\"><a href=\"\/wp-content\/uploads\/SlSb_1_21_2.pdf\">\u201eSpecification, was dasBegr\u00e4bnis der \u2026 Susanna \u2026 Kuntzin von Grotsch gekostet hat.\u201c Poh\u0159ebn\u00ed \u00fa\u010det z roku 1736.<\/a><\/h2>\n\n\n\n<h3 class=\"wp-block-heading\">\u201eSpecification, was das Begr\u00e4bnis der \u2026 Susanna \u2026 Kuntzin von Grotsch gekostet hat.\u201c Burial Charge from the Year 1736.<\/h3>\n\n\n\n<h4 class=\"wp-block-heading\">Petr Tesa\u0159<\/h4>\n\n\n\n<h5 class=\"wp-block-heading\">The article deals with a bill for the funeral of Zuzana Kuntzov\u00e1, a woman of productive age and her deceased child. In addition to the genealogical context, attention is paid to the factual analysis of the bill and its comparison with the later stole patent dating from 1750.<\/h5>\n\n\n\n<h2 class=\"wp-block-heading\"><a href=\"\/wp-content\/uploads\/SlSb_1_21_3.pdf\">Das polnische Heer und der Bayerische Erbfolgekrieg (1778\u20131779)<\/a><\/h2>\n\n\n\n<h3 class=\"wp-block-heading\">The Polish army in the light of the Bavarian succession<\/h3>\n\n\n\n<h4 class=\"wp-block-heading\">Maciej Tr\u0105bski<\/h4>\n\n\n\n<h5 class=\"wp-block-heading\">In the second half of 1770s, the Polish-Lithuanian Commonwealth was gradually recovering after the political failure and industrial damage related to the Bar Confederation (1768\u20131772) and annexing almost 1\/3 of the territory by the neighbouring superpowers (First Partition of Poland \u2013 1772). From 1775, also military forces were being reconstructed. Their main task was border protection and ensuring home stability. However, they were definitely not numerous enough to complete that task successfully as they counted only 16 500 soldiers at that time. Despite that fact, in the years 1778\u20131779, the crown military forces had to face the threat related to the war over the Bavarian succession. The article presents the actions undertaken by Polish military forces consisting in double protection of the Prussian army marching through the Polish territory, sealing the borders with the Prussian and Austrian states to stop the influx of deserters from the armies of these countries and fighting illegal conscription. Moreover, the publication presents information conveyed to the king Stanis\u0142aw II Augustus by the leaders of Nunits stationing in Greater Poland and western Lesser Poland, concerning the mobilization and marches of Prussian and Austrian armies and military actions undertaken at that time.<\/h5>\n\n\n\n<h2 class=\"wp-block-heading\"><a href=\"\/wp-content\/uploads\/SlSb_1_21_4.pdf\">Spi\u0161sk\u00e9 \u017eelezorudn\u00e9 bane Banskej a hutnej spolo\u010dnosti v medzivojnovom obdob\u00ed<\/a><\/h2>\n\n\n\n<h3 class=\"wp-block-heading\">Zips\u00b4s Ironworks Mines of Mining and Metallurgical Company during Interwar Period<\/h3>\n\n\n\n<h4 class=\"wp-block-heading\">Luk\u00e1\u0161 Patera<\/h4>\n\n\n\n<h5 class=\"wp-block-heading\">The study deals with the inter-war development of two iron ore mines in Spi\u0161 (Slovakia), which were an iron ore base of T\u0159ineck\u00e9 \u017eelez\u00e1rny owned by Bansk\u00e1 a hutn\u00e1 spolo\u010dnos\u0165 (Mining and Metallurgical Company). It monitors not only the economic development of both plants, but also the social issue and the life of labour. The activities of Bansk\u00e1 a hutn\u00e1 spolo\u010dnos\u0165 (Mining and Metallurgical Company), one of the largest ironworks companies of the first half of the 20th century, on the territory of today\u2019s Slovakia are a topic which has not been dealt with in Czech historiography yet. The work addresses the issue of ore imports from Slovakia to T\u0159inec, evaluates the company\u2019s efforts to improve the mining and production of roasted ore and also monitors the development of both mines during economic crises and booms.<\/h5>\n\n\n\n<h2 class=\"wp-block-heading\"><a href=\"\/wp-content\/uploads\/SlSb_1_21_5.pdf\">Pr\u00e1vn\u00ed a doktrin\u00e1ln\u00ed okolnosti vzniku vl\u00e1dn\u00edho vojska<\/a><\/h2>\n\n\n\n<h3 class=\"wp-block-heading\">Legal and Doctrinal Circumstances of the Formation of Government Troops<\/h3>\n\n\n\n<h4 class=\"wp-block-heading\">Stanislav Polnar<\/h4>\n\n\n\n<h5 class=\"wp-block-heading\">Questions related to the existence of government troops are among the most controversial in the Czech historiography. For some, the goverment soldiers were collaborators with the Nazi regime. For others, they were patriots represented home country in the time of unfreedom. This paper evaluates the issue from a different perspective. It describes the legal and organizational circumstances of the formation of this armed body. The text attempts to answer the question, whether the government army was a collaborative structure or a residue of the Czechoslovakian army. The conclusion suggests the first option. The goverment troops served Nazi propaganda, which the government presented as a false remnant of national sovereignity.<\/h5>\n\n\n\n<h2 class=\"wp-block-heading\"><a href=\"\/wp-content\/uploads\/SlSb_1_21_6.pdf\">Civiln\u00ed ochrana ve \u0161kolstv\u00ed \u010desk\u00fdch zem\u00ed 1935\u20131989<\/a><\/h2>\n\n\n\n<h3 class=\"wp-block-heading\">Civil Defence in the Education System of the Czech Lands 1935\u20131989<\/h3>\n\n\n\n<h4 class=\"wp-block-heading\">V\u00edt N\u011bmec<\/h4>\n\n\n\n<h5 class=\"wp-block-heading\">The problematics of the civil defence in the education system of the Czech lands in the years 1935\u20131989 is a complex and not yet adequately explored phenomenon in contemporary Czech historiography. The article analyses the genesis of the problematics that starts with the phenomenon called in the Czech language as \u201eciviln\u00ed protileteck\u00e1 ochrana\u201c (CPO) and continues with the wartime period when the CPO was transformed into the Reich Luftschutz (LS). During the existence of the Protectorate of Bohemia and Moravia, two terms for Civil Air Defence were used. As the bilingualism was used during the era, the Czech equivalent for Luftschutz was in the Czech language called as \u201eprotileteck\u00e1 ochrana\u201c (PO). The post-war duration of PO was ended by the formation and commencement of the new system of the Civil Defence so-called as \u201eciviln\u00ed obrana\u201c (CO) that lasted until the collapse of the Communist Bloc.<\/h5>\n\n\n\n<h2 class=\"wp-block-heading\"><a href=\"\/wp-content\/uploads\/SlSb_1_21_7.pdf\">Material Studies<\/a><\/h2>\n\n\n\n<h3 class=\"wp-block-heading\">Bibliografie Petra Bezru\u010de v Esperantu \/ Bibliography of Petr Bezru\u010d in esperanto (Vlastimil Ko\u010dvara)<\/h3>\n\n\n\n<h2 class=\"wp-block-heading\"><a href=\"\/wp-content\/uploads\/SlSb_1_21_8.pdf\">Recenze a zpr\u00e1vy o literatu\u0159e<\/a><\/h2>\n\n\n\n<h3 class=\"wp-block-heading\">Fran SM\u011aJA, Na co jsem nezapomn\u011bl. (Martina Dragonov\u00e1)<\/h3>\n\n\n\n<h3 class=\"wp-block-heading\">Ji\u0159\u00ed KNAP\u00cdK, Heller &amp; Kristian aneb Opavsk\u00e1 Vest pocket revue (1933). Hra \u201eKaolin a majolika\u201c a inspirace Osvobozen\u00fdm divadlem. (Martin Pelc)<\/h3>\n\n\n\n<h3 class=\"wp-block-heading\">Timothy SNYDER, Cesta k nesvobod\u011b: Rusko, Evropa, Amerika. (Ond\u0159ej Kol\u00e1\u0159)<\/h3>\n\n\n\n<h2 class=\"wp-block-heading\"><a href=\"\/wp-content\/uploads\/SlSb_1_21_9.pdf\">Chronicle<\/a><\/h2>\n\n\n\n<h3 class=\"wp-block-heading\">Ode\u0161el \u010dlov\u011bk, jen\u017e se hrd\u011b hl\u00e1sil k Prajz\u00e1k\u016fm. (Nina Pavel\u010d\u00edkov\u00e1); K 75. v\u00fdro\u010d\u00ed vzniku Slezsk\u00e9ho \u00fastavu v Opav\u011b \u2013 ohl\u00e9dnut\u00ed a v\u00fdhled.\n(Ond\u0159ej Kol\u00e1\u0159)<\/h3>\n\n\n\n<h2 class=\"wp-block-heading\"><a href=\"\/wp-content\/uploads\/SlSb_1_21_10.pdf\">Bibliografick\u00e1 p\u0159\u00edloha<\/a><\/h2>","protected":false},"excerpt":{"rendered":"<p>SLEZSK\u00dd SBORN\u00cdK CXIX \/ 2021, \u010d\u00edslo 1 Charakteristick\u00e9 rysy zbo\u017enosti \u017een z panovnick\u00fdch rodin v hagiografick\u00fdch textech ve st\u0159edn\u00ed Evrop\u011b ve 13. stolet\u00ed Characteristic Features of Piety in Women from Sovereign Families in 13-century Central Europe Zdislava Pivodov\u00e1 The study deals with characteristic features of piety in women with sovereign background in 13th Century Central&hellip; <a class=\"more-link\" href=\"https:\/\/slsb.cz\/en\/2021-01\/\">Continue reading <span class=\"screen-reader-text\">2021-01<\/span><\/a><\/p>","protected":false},"author":1,"featured_media":0,"parent":0,"menu_order":0,"comment_status":"closed","ping_status":"closed","template":"","meta":{"footnotes":""},"class_list":["post-332","page","type-page","status-publish","hentry","entry"],"_links":{"self":[{"href":"https:\/\/slsb.cz\/en\/wp-json\/wp\/v2\/pages\/332","targetHints":{"allow":["GET"]}}],"collection":[{"href":"https:\/\/slsb.cz\/en\/wp-json\/wp\/v2\/pages"}],"about":[{"href":"https:\/\/slsb.cz\/en\/wp-json\/wp\/v2\/types\/page"}],"author":[{"embeddable":true,"href":"https:\/\/slsb.cz\/en\/wp-json\/wp\/v2\/users\/1"}],"replies":[{"embeddable":true,"href":"https:\/\/slsb.cz\/en\/wp-json\/wp\/v2\/comments?post=332"}],"version-history":[{"count":10,"href":"https:\/\/slsb.cz\/en\/wp-json\/wp\/v2\/pages\/332\/revisions"}],"predecessor-version":[{"id":561,"href":"https:\/\/slsb.cz\/en\/wp-json\/wp\/v2\/pages\/332\/revisions\/561"}],"wp:attachment":[{"href":"https:\/\/slsb.cz\/en\/wp-json\/wp\/v2\/media?parent=332"}],"curies":[{"name":"wp","href":"https:\/\/api.w.org\/{rel}","templated":true}]}}