{"id":13,"date":"2021-09-01T09:46:45","date_gmt":"2021-09-01T07:46:45","guid":{"rendered":"https:\/\/slsb.cz\/?page_id=13"},"modified":"2025-12-12T15:35:43","modified_gmt":"2025-12-12T14:35:43","slug":"archiv","status":"publish","type":"page","link":"https:\/\/slsb.cz\/en\/archiv\/","title":{"rendered":"Archive"},"content":{"rendered":"<h1 class=\"wp-block-heading\">Archive<\/h1>\n\n\n\n<div class=\"wp-block-columns is-layout-flex wp-container-core-columns-is-layout-9d6595d7 wp-block-columns-is-layout-flex\">\n<div class=\"wp-block-column is-layout-flow wp-block-column-is-layout-flow\">\n<p>\n<strong>2025 (ro\u010dn\u00edk 123): <\/strong><a href=\"\/en\/2025-01\/\">\u010d\u00edslo 1<\/a> <a href=\"\/en\/2025-02\/\">\u010d\u00edslo 2<\/a><br>\n<strong>2024 (ro\u010dn\u00edk 122): <\/strong><a href=\"\/en\/2024-01\/\">\u010d\u00edslo 1<\/a> <a href=\"\/en\/2024-02\/\">\u010d\u00edslo 2<\/a><br>\n<strong>2023 (ro\u010dn\u00edk 121): <\/strong><a href=\"\/en\/2023-01\/\">\u010d\u00edslo 1<\/a> <a href=\"\/en\/2023-02\/\">\u010d\u00edslo 2<\/a><br>\n<strong>2022 (ro\u010dn\u00edk 120): <\/strong><a href=\"\/en\/2022-01\/\">\u010d\u00edslo 1<\/a> <a href=\"\/en\/2022-02\/\">\u010d\u00edslo 2<\/a><br>\n<strong>2021 (ro\u010dn\u00edk 119): <\/strong><a href=\"\/en\/2021-01\/\" data-type=\"page\" data-id=\"332\">\u010d\u00edslo 1<\/a> <a href=\"\/en\/2021-02\/\" data-type=\"page\" data-id=\"332\">\u010d\u00edslo 2<\/a><br>\n<strong>2020 (ro\u010dn\u00edk 118):<\/strong> <a href=\"\/en\/2020-01\/\" data-type=\"page\" data-id=\"332\">\u010d\u00edslo 1<\/a> <a href=\"\/en\/2020-02\/\" data-type=\"page\" data-id=\"332\">\u010d\u00edslo 2<\/a><br>\n<strong>2019 (ro\u010dn\u00edk 117):<\/strong> <a href=\"\/wp-content\/uploads\/2019-01.pdf\" data-type=\"URL\" data-id=\"\/wp-content\/uploads\/2019-01.pdf\">\u010d\u00edslo 1<\/a> <a href=\"\/wp-content\/uploads\/2019-02.pdf\" data-type=\"URL\" data-id=\"\/wp-content\/uploads\/2019-02.pdf\">\u010d\u00edslo 2<\/a><br>\n<strong>2018 (ro\u010dn\u00edk 116):<\/strong> <a href=\"\/en\/2018-01\/\" data-type=\"page\" data-id=\"332\">\u010d\u00edslo 1<\/a> <a href=\"\/en\/2018-02\/\" data-type=\"page\" data-id=\"332\">\u010d\u00edslo 2<\/a><br>\n<strong>2017 (ro\u010dn\u00edk 115):<\/strong> <a href=\"\/en\/2017-01\/\" data-type=\"page\" data-id=\"332\">\u010d\u00edslo 1<\/a> <a href=\"\/en\/2017-02\/\" data-type=\"page\" data-id=\"332\">\u010d\u00edslo 2<\/a><br>\n<strong>2016 (ro\u010dn\u00edk 114):<\/strong> <a href=\"\/wp-content\/uploads\/2016-02.pdf\" data-type=\"URL\" data-id=\"\/wp-content\/uploads\/2016-02.pdf\">\u010d\u00edslo 2<\/a><br>\n<strong>2015 (ro\u010dn\u00edk 113):<\/strong> <a href=\"\/wp-content\/uploads\/2015-01.pdf\" data-type=\"URL\" data-id=\"\/wp-content\/uploads\/2015-01.pdf\">\u010d\u00edslo 1<\/a> <a href=\"\/wp-content\/uploads\/2015-02.pdf\" data-type=\"URL\" data-id=\"\/wp-content\/uploads\/2015-02.pdf\">\u010d\u00edslo 2<\/a><br>\n<strong>2014 (ro\u010dn\u00edk 112):<\/strong> <a href=\"\/wp-content\/uploads\/2014-01.pdf\" data-type=\"URL\" data-id=\"\/wp-content\/uploads\/2014-01.pdf\">\u010d\u00edslo 1<\/a> <a href=\"\/wp-content\/uploads\/2014-02.pdf\" data-type=\"URL\" data-id=\"\/wp-content\/uploads\/2014-02.pdf\">\u010d\u00edslo 2<\/a><br>\n\n<\/p>\n<\/div>\n<\/div>","protected":false},"excerpt":{"rendered":"<p>Archiv 2025 (ro\u010dn\u00edk 123): \u010d\u00edslo 1 \u010d\u00edslo 2 2024 (ro\u010dn\u00edk 122): \u010d\u00edslo 1 \u010d\u00edslo 2 2023 (ro\u010dn\u00edk 121): \u010d\u00edslo 1 \u010d\u00edslo 2 2022 (ro\u010dn\u00edk 120): \u010d\u00edslo 1 \u010d\u00edslo 2 2021 (ro\u010dn\u00edk 119): \u010d\u00edslo 1 \u010d\u00edslo 2 2020 (ro\u010dn\u00edk 118): \u010d\u00edslo 1 \u010d\u00edslo 2 2019 (ro\u010dn\u00edk 117): \u010d\u00edslo 1 \u010d\u00edslo 2 2018 (ro\u010dn\u00edk 116): \u010d\u00edslo 1&hellip; <a class=\"more-link\" href=\"https:\/\/slsb.cz\/en\/archiv\/\">Continue reading <span class=\"screen-reader-text\">Archive<\/span><\/a><\/p>","protected":false},"author":1,"featured_media":0,"parent":0,"menu_order":0,"comment_status":"closed","ping_status":"closed","template":"","meta":{"footnotes":""},"class_list":["post-13","page","type-page","status-publish","hentry","entry"],"_links":{"self":[{"href":"https:\/\/slsb.cz\/en\/wp-json\/wp\/v2\/pages\/13","targetHints":{"allow":["GET"]}}],"collection":[{"href":"https:\/\/slsb.cz\/en\/wp-json\/wp\/v2\/pages"}],"about":[{"href":"https:\/\/slsb.cz\/en\/wp-json\/wp\/v2\/types\/page"}],"author":[{"embeddable":true,"href":"https:\/\/slsb.cz\/en\/wp-json\/wp\/v2\/users\/1"}],"replies":[{"embeddable":true,"href":"https:\/\/slsb.cz\/en\/wp-json\/wp\/v2\/comments?post=13"}],"version-history":[{"count":19,"href":"https:\/\/slsb.cz\/en\/wp-json\/wp\/v2\/pages\/13\/revisions"}],"predecessor-version":[{"id":974,"href":"https:\/\/slsb.cz\/en\/wp-json\/wp\/v2\/pages\/13\/revisions\/974"}],"wp:attachment":[{"href":"https:\/\/slsb.cz\/en\/wp-json\/wp\/v2\/media?parent=13"}],"curies":[{"name":"wp","href":"https:\/\/api.w.org\/{rel}","templated":true}]}}