{"id":11,"date":"2021-09-01T09:46:45","date_gmt":"2021-09-01T07:46:45","guid":{"rendered":"https:\/\/slsb.cz\/?page_id=11"},"modified":"2025-11-24T16:32:17","modified_gmt":"2025-11-24T15:32:17","slug":"o-casopisu","status":"publish","type":"page","link":"https:\/\/slsb.cz\/en\/","title":{"rendered":"About"},"content":{"rendered":"<h1 class=\"wp-block-heading\" id=\"charakteristikacasopisu\">Journal Characteristic<\/h1>\n\n\n\n<p class=\"translation-block\">Slezsk\u00fd sborn\u00edk is a traditional peer-reviewed professional journal. It is also registered in the internationally respected European Reference Index for Humanities and Social Sciences (ERIH Plus). Its professional profile is derived both from the current needs of the contemporary historical science and from more than a hundred years of tradition. It is profiled as a platform for publications focused on research on Silesia, not only as a regional phenomenon but as a place where the developmental trends of European West and East, North and South, i.e. Silesia as an active factor of European development, intertwined, confronted and were transferred. The journal also opens its pages to studies of interdisciplinary context and methodological issues of a more general nature.\nScientific studies, materials, discussion papers, papers and reviews of the latest domestic and foreign literature and commented reviews of research are published on the Slezsk\u00fd sborn\u00edk pages. The editors accept texts written in Czech, Slovak, Polish, German and English. The periodical is published by the Silesian Museum in Opava twice a year.<\/p>\n\n\n\n<h1 class=\"has-text-align-right wp-block-heading\" id=\"rubriky\">Sections<\/h1>\n\n\n\n<p class=\"has-text-align-right\"><strong>Essays<\/strong> (texty proch\u00e1z\u00ed recenzn\u00edm \u0159\u00edzen\u00edm)<br><strong>Material Studies<\/strong> (texty proch\u00e1z\u00ed recenzn\u00edm \u0159\u00edzen\u00edm)<br><strong>Research Overview<br>Discussion<\/strong><br><strong>Review Articles and Reviews<br>Chronicle<\/strong><\/p>\n\n\n\n<h1 class=\"wp-block-heading\" id=\"jednaci-rad\">Rules of Procedure of the Editorial Board<\/h1>\n\n\n<p><!-- wp:heading--><\/p>\n<h2 id=\"clanek-i-zakladni-ustanoveni\">Article I. Basic provisions<\/h2>\n<p><!-- \/wp:post-content --><\/p>\n<p><!-- wp:html --><\/p>\n<ol>\n<li style=\"list-style-type: none;\">\n<ol>\n<li>Basic Data<\/li>\n<\/ol>\n<\/li>\n<\/ol>\n<p class=\"translation-block\">The periodical Slezsk\u00fd sborn\u00edk (Acta Silesiaca) is published by the Silesian Museum. The content and the direction of the magazine are secured by the editorial board in cooperation with the chief and executive editors.<\/p>\n<ol>\n<li style=\"list-style-type: none;\">\n<ol>\n<li>Chief Editor<\/li>\n<\/ol>\n<\/li>\n<\/ol>\n<p class=\"translation-block\">The chief editor is the director of the Silesian Museum, or a person appointed by the director.<br>\nThe chief editor is appointed until their removal or resignation. <br>\nThe appointment, removal or resignation of the chief editor shall take place in writing.<\/p>\n<ol>\n<li style=\"list-style-type: none;\">\n<ol>\n<li>Executive Editor<\/li>\n<\/ol>\n<\/li>\n<\/ol>\n<p class=\"translation-block\">The executive editor is appointed by the chief editor from the members of the editorial board. <br>\nThe executive editor is appointed until their removal or resignation. <br> \nThe appointment, removal or resignation of the executive editor shall take place in writing.<\/p>\n<ol>\n<li style=\"list-style-type: none;\">\n<ol>\n<li>Editorial Board<\/li>\n<\/ol>\n<\/li>\n<\/ol>\n<p class=\"translation-block\">The members of the editorial board are appointed by the director of the Silesian Museum. <br>\nThe members are appointed until their removal or resignation. <br> \nThe appointment, removal or resignation of the members of the editorial board shall take place in writing.<\/p>\n<p><!-- \/wp:html --><\/p>\n<p><!-- wp:heading--><\/p>\n<h2 id=\"clanek-ii-slozeni-redakcni-rady\">Article II. Composition of the Editorial Board<\/h2>\n<p><!-- \/wp:heading --><\/p>\n<p><!-- wp:paragraph --><\/p>\n<p class=\"translation-block\">The editorial board has a minimum of 12 members (including the chief and executive editors), wherein employees of the Silesian Museum always comprise less than half of them. The editorial board consists of historians from domestic and foreign academic, university, museum and other workplaces, or experts dealing with related scientific disciplines. <br>\nThe editorial board primarily communicates via electronic mail and meets at least twice a year. <br>\nMembership in the Editorial Board is unsubstitutable.<\/p>\n<p><!-- \/wp:paragraph --><\/p>\n<p><!-- wp:heading--><\/p>\n<h2 id=\"clanek-iii-uloha-redakcni-rady-a-redaktoru\">Article III. The role of the editorial board and the editors<\/h2>\n<p><!-- \/wp:heading --><\/p>\n<p><!-- wp:paragraph --><\/p>\n<p><strong>The role of the editorial board<\/strong><\/p>\n<p><!-- \/wp:paragraph --><\/p>\n<p><!-- wp:list --><\/p>\n<ul>\n<li>Approval of statutory documents<\/li>\n<li>Approval of work plans<\/li>\n<li>Approval of the specialization and direction of the journal<\/li>\n<li>Adoption of standards for processing contributions<\/li>\n<li>Acquisition of studies, reviews, reports and other texts<\/li>\n<li>Selection of study reviewers<\/li>\n<li>Reviewing studies<\/li>\n<li>Approval of studies and entire issues for printing<\/li>\n<\/ul>\n<p><!-- \/wp:list --><\/p>\n<p><!-- wp:paragraph --><\/p>\n<p><strong>Chief Editor:<\/strong><\/p>\n<p><!-- \/wp:paragraph --><\/p>\n<p><!-- wp:list --><\/p>\n<ul>\n<li>Is responsible for publishing the magazine<\/li>\n<li>Coordinates and ensures the publication of the magazine in cooperation with the executive editor<\/li>\n<li>Convenes editorial board meetings<\/li>\n<li>Decides on the result of voting in the event of equality of votes of the members of the editorial board<\/li>\n<li>Selects article reviewers<\/li>\n<li class=\"translation-block\">In cooperation with the executive editor, they keep correspondence with the reviewers and authors and ensures author proofreading<\/li>\n<\/ul>\n<p><!-- \/wp:list --><\/p>\n<p><!-- wp:paragraph --><\/p>\n<p><strong>Executive Editor:<\/strong><\/p>\n<p><!-- \/wp:paragraph --><\/p>\n<p><!-- wp:list  --><\/p>\n<ul>\n<li>Handles the formal paperwork associated with the publication of the magazine<\/li>\n<li>Maintains and expands the database of magazine subscribers<\/li>\n<li class=\"translation-block\">In cooperation with the chief editor, they keep correspondence with the reviewers and authors and ensures author proofreading<\/li>\n<li>Ensures proofreading of texts based on the editorial principles approved by the editorial board<\/li>\n<li>Ensures communication with typesetting graphic studios and printing works<\/li>\n<li>Ensures language proofreading<\/li>\n<li>Assigns translations of abstracts and resumes<\/li>\n<li>Ensures distribution of issues to members of the editorial board and the authors of the studies<\/li>\n<li>Ensures updates to the magazine's website<\/li>\n<\/ul>\n<p><!-- \/wp:list --><\/p>\n<p><!-- wp:heading--><\/p>\n<h2 id=\"clanek-iv-prubeh-redakcnich-praci-a-vydavani-casopisu\">Article IV. Course of the editorial work and publishing the magazine<\/h2>\n<p><!-- \/wp:heading --><\/p>\n<p><!-- wp:list  --><\/p>\n<ul>\n<li>All manuscripts will be emailed to the chief and executive editors.<\/li>\n<li>The executive editor prints and archives the text.<\/li>\n<li class=\"translation-block\">The chief editor, in cooperation with the executive editor, assesses whether the text meets the formal and content criteria and excludes the non-complying texts. This exclusion and approval of the texts are subject to the approval of the editorial board.<\/li>\n<li class=\"translation-block\">The texts approved are submitted for review. At least two reviewers are selected by the executive editor in cooperation with the chief editor upon recommendation of the members of the editorial board. The circle of reviewers must adhere to formal conditions according to the rules of the R&amp;D Council.<\/li>\n<li class=\"translation-block\">The names of the selected reviewers will be submitted to the editorial board for approval by email. Each member of the editorial board may request submission of studies selected for the peer-review process.<\/li>\n<li class=\"translation-block\">The editorial board members will express their opinion on the selected reviewers by e-mail within 5 working days. Failure to respond is considered consent. In the event of equality of votes, the chief editor decides.<\/li>\n<li class=\"translation-block\">The executive editor or the chief editor contact the approved reviewers with a request to prepare a review report. If they agree, the article is immediately sent to them by e-mail or post. If they disagree, the selection of reviewers is repeated.<\/li>\n<li class=\"translation-block\">Upon the return of the study from the review process, the executive editor archives the reviews and informs all members of the editorial board about the outcome of the review process by e-mail. At the same time, they ask the members of the editorial board to approve\/reject the study. The members of the editorial board approve or reject the study within 5 working days. Failure to respond is considered consent. In the event of equality of votes, the chief editor decides.<\/li>\n<li class=\"translation-block\">The review process is not conducted for reviews, reports, discussion contributions, annotations, etc. The publication of discussion contributions is subject to the approval of the members of the editorial board and the text of the discussion contributions is sent to them by the executive editor. Failure to respond is considered consent. In the event of equality of votes, the chief editor decides.<\/li>\n<li class=\"translation-block\">6 weeks before the planned publication of the issue, the executive editor, or the chief editor, sends the draft of the entire issue the to the members of the editorial board by e-mail. The members of the editorial board approve or reject the draft of the entire issue within 5 working days. Failure to respond is considered consent. In the event of equality of votes, the chief editor decides.<\/li>\n<li class=\"translation-block\">Once the issue has been approved, the executive editor will ensure text editing, translations of the abstracts and the resume, typesetting and then they send the texts to the authors for the first proofreading.<\/li>\n<li class=\"translation-block\">After making and implementing the author proofreading, the executive editor ensures language proofreading and sends the text in the PDF format to the authors for the second proofreading. They will send the entire issue in the PDF format to the members of the editorial board for approval. The members of the editorial board approve or reject the final form of the issue within 5 working days. Failure to respond is considered consent. In the event of equality of votes, the chief editor decides.<\/li>\n<li class=\"translation-block\">After the issue has been approved, the executive editor sends the issue to press upon the approval of the chief editor.<\/li>\n<li class=\"translation-block\">The executive editor ensures distribution to the authors of articles in the given issue (2 pieces), to the reviewers (1 piece), to the chief and executive editors (2 pieces) and to the editorial board members (1 piece)<\/li>\n<\/ul>\n<p><!-- \/wp:list --><\/p>\n<p><!-- wp:heading--><\/p>\n<h2 id=\"clanek-v-periodicita\">Article V. Periodicity<\/h2>\n<p><!-- \/wp:heading --><\/p>\n<p><!-- wp:paragraph --><\/p>\n<p>The magazine is published twice a year.<\/p>\n<p><!-- \/wp:paragraph --><\/p>\n<p><!-- wp:heading--><\/p>\n<h2 id=\"clanek-vi-obsah\">Article VI. Contents<\/h2>\n<p><!-- \/wp:heading --><\/p>\n<p><!-- wp:paragraph --><\/p>\n<p class=\"translation-block\">I. Studies (assessed in anonymous peer review) <br>\nII. Materials (assessed in anonymous peer review)<br>\nIII.  Discussion<br>\nIV.  Discussion<br>\nV.\tChronicle<br>\nEach issue of Slezsk\u00fd sborn\u00edk must contain Sections I, IV and V.<br><\/p>\n<p><!-- \/wp:paragraph --><\/p>\n<p><!-- wp:heading --><\/p>\n<h2 id=\"clanek-vii-zaverecna-ustanoveni\">Article VII. Final Provisions<\/h2>\n<p><!-- \/wp:heading --><\/p>\n<p><!-- wp:paragraph --><\/p>\n<p class=\"translation-block\">These Rules of Procedure shall take effect on the date of their approval. <br>\nThe Rules of Procedure are deposited in writing with the magazine's chief and executive editors.<\/p>\n<p><!-- \/wp:paragraph --><\/p>\n<p><!-- wp:paragraph {\"align\":\"right\"} --><\/p>\n<p class=\"has-text-align-right\">\n    Chief Editor<br \/>\n    <strong><a href=\"https:\/\/ff.osu.cz\/khi\/ales-zaricky\/12694\/\" target=\"_blank\" rel=\"noopener\">Prof. PhDr. Ale\u0161 Z\u00e1\u0159ick\u00fd, Ph.D.<\/a><\/strong><br \/>\n    (Filozofick\u00e1 fakulta Ostravsk\u00e9 univerzity)<br \/>\n    \n    <br \/>\n<\/p>\n<p><!-- \/wp:paragraph --><\/p>\n\n\n<p><!-- wp:paragraph {\"align\":\"right\"} --><\/p>\n<h1 id=\"redakce\" class=\"has-text-align-right\">Editorial Board<\/h1>\n<p><!-- \/wp:heading --><\/p>\n\n<p><!-- wp:paragraph {\"align\":\"right\"} --><\/p>\n<p class=\"has-text-align-right\">\n    Chief Editor<br \/>\n    <strong><a href=\"https:\/\/ff.osu.cz\/khi\/ales-zaricky\/12694\/\" target=\"_blank\" rel=\"noopener\">Prof. PhDr. Ale\u0161 Z\u00e1\u0159ick\u00fd, Ph.D.<\/a><\/strong><br \/>\n    (Filozofick\u00e1 fakulta Ostravsk\u00e9 univerzity)<br \/>\n    \n    <br \/>\n<\/p>\n<p><!-- \/wp:paragraph --><\/p>\n\n\n<p><!-- wp:paragraph {\"align\":\"right\"} --><\/p>\n<p class=\"has-text-align-right\">\n    V\u00fdkonn\u00ed redakto\u0159i<br \/>\n\n    <strong><a href=\"https:\/\/www.szm.cz\/clanek\/2682\/veda-a-vyzkum\/profily-odbornych-pracovniku\/mgr-ondrej-kolar-ph-d.html\" target=\"_blank\" rel=\"noopener\">Mgr. Ond\u0159ej Kol\u00e1\u0159, Ph.D.<\/a><\/strong><br \/>\n    (Slezsk\u00e9 zemsk\u00e9 muzeum)<br \/>\n\n    <strong><a href=\"https:\/\/ff.osu.cz\/chsd\/katerina-lancova\/75377\/\" target=\"_blank\" rel=\"noopener\">Mgr. Kate\u0159ina Lan\u010dov\u00e1, Ph.D. <\/a><\/strong><br \/>\n    (Filozofick\u00e1 fakulta Ostravsk\u00e9 univerzity)<br \/>\n\n    <br \/>\n<\/p>\n<p><!-- \/wp:paragraph --><\/p>\n\n\n<p><!-- wp:paragraph {\"align\":\"right\"} --><\/p>\n<p class=\"has-text-align-right\">\n    Editorial Board<br \/>\n\n    <strong><a href=\"https:\/\/ff.osu.cz\/khi\/robert-antonin\/58189\/\" target=\"_blank\" rel=\"noopener\"> Prof. Mgr. Robert Anton\u00edn, Ph.D.<\/a><\/strong><br \/>\n    (Filozofick\u00e1 fakulta Ostravsk\u00e9 univerzity)<br \/>\n\n    <strong><a href=\"https:\/\/ff.osu.cz\/khi\/jiri-brnovjak\/2094\/\" target=\"_blank\" rel=\"noopener\">Doc. Mgr. Ji\u0159\u00ed Br\u0148ovj\u00e1k, Ph.D.<\/a><\/strong><br \/>\n    (Filozofick\u00e1 fakulta Ostravsk\u00e9 univerzity)<br \/>\n\n    <strong><a href=\"https:\/\/fvl.unob.cz\/fakulta\/struktura\/katedra-teorie-vojenstvi-k-105\/jiri-friedl\/\" target=\"_blank\" rel=\"noopener\">Prof. PhDr. Ji\u0159\u00ed Friedl, Ph.D.<\/a><\/strong><br \/>\n    (Univerzita Karlova)<br \/>\n\n    <strong><a href=\"https:\/\/uhv.fpf.slu.cz\/osobni\/prof-phdr-zdenek-jirasek-csc\/\" target=\"_blank\" rel=\"noopener\">Prof. PhDr. Zden\u011bk Jir\u00e1sek, CSc.<\/a><\/strong><br \/>\n    (Filozoficko-p\u0159\u00edrodov\u011bdeck\u00e1 fakulta Slezsk\u00e9 univerzity v Opav\u011b \/ Slezsk\u00e9 zemsk\u00e9 muzeum)<br \/>\n\n    <strong><a href=\"https:\/\/uhv.fpf.slu.cz\/osobni\/prof-phdr-jiri-knapik-ph-d\/\" target=\"_blank\" rel=\"noopener\">Prof. PhDr. Ji\u0159\u00ed Knap\u00edk, Ph.D.<\/a><\/strong><br \/>\n    (Filozoficko-p\u0159\u00edrodov\u011bdeck\u00e1 fakulta Slezsk\u00e9 univerzity v Opav\u011b)<br \/>\n\n    <strong><a href=\"https:\/\/uhv.fpf.slu.cz\/osobni\/prof-phdr-irena-korbelarova-dr\/\" target=\"_blank\" rel=\"noopener\">Prof. PhDr. Irena Korbel\u00e1\u0159ov\u00e1, Dr.<\/a><\/strong><br \/>\n    (Filozoficko-p\u0159\u00edrodov\u011bdeck\u00e1 fakulta Slezsk\u00e9 univerzity v Opav\u011b \/ Slezsk\u00e9 zemsk\u00e9 muzeum)<br \/>\n\n    <strong><a href=\"https:\/\/uhv.fpf.slu.cz\/osobni\/doc-mgr-petr-kozak-ph-d\/\" target=\"_blank\" rel=\"noopener\">Doc. Mgr. Petr Koz\u00e1k, Ph.D.<\/a><\/strong><br \/>\n    (Zemsk\u00fd archiv v Opav\u011b)<br \/>\n\n    <strong><a href=\"https:\/\/historie.upol.cz\/nc\/kontakty\/vizitka\/empid\/08420\/\" target=\"_blank\" rel=\"noopener\">Doc. Mgr. Radmila Prchal Pavl\u00ed\u010dkov\u00e1, Ph.D.<\/a><\/strong><br \/>\n    (Filozofick\u00e1 fakulta Univerzity Palack\u00e9ho v Olomouci)<br \/>\n\n    <strong><a href=\"https:\/\/ff.osu.cz\/chsd\/jan-hrubos\/48179\/\" target=\"_blank\" rel=\"noopener\">PhDr. Jan Hrubo\u0161, Ph.D.<\/a><\/strong><br \/>\n    (Filozofick\u00e1 fakulta Ostravsk\u00e9 univerzity)<br \/>\n\n    <strong><a href=\"https:\/\/us.edu.pl\/instytut\/ih\/osoby\/jerzy-sperka\/\" target=\"_blank\" rel=\"noopener\">Dr hab. Jerzy Sperka<\/a><\/strong><br \/>\n    (Instytut Historii Uniwersytetu \u015al\u0105skiego w Katowicach)<br \/>\n\n    <strong><a href=\"http:\/\/www.old.ujd.edu.pl\/p432,Spyra\" target=\"_blank\" rel=\"noopener\">Prof Dr hab. Janusz Spyra<\/a><\/strong><br \/>\n    (Akademia im. Jana Dlugosza w Czenstochowe)<br \/>\n\n    <strong><a href=\"https:\/\/www.prf.cuni.cz\/detail-cloveka\/275\" target=\"_blank\" rel=\"noopener\">Doc. JUDr. Marek Star\u00fd, Ph.D.<\/a><\/strong><br \/>\n    (Pr\u00e1vnick\u00e1 fakulta Univerzity Karlovy v Praze)<br \/>\n\n    <strong><a href=\"https:\/\/www.szm.cz\/clanek\/2779\/veda-a-vyzkum\/profily-odbornych-pracovniku\/prof-phdr-rudolf-zacek-dr.html\" target=\"_blank\" rel=\"noopener\">Prof. PhDr. Rudolf \u017d\u00e1\u010dek, Dr.<\/a><\/strong><br \/>\n    (Fakulta ve\u0159ejn\u00fdch politik Slezsk\u00e9 univerzity v Opav\u011b \/ Slezsk\u00e9 zemsk\u00e9 muzeum)<br \/>\n\n    <strong><a href=\"https:\/\/homepage.univie.ac.at\/boerries.kuzmany\/en\/\" target=\"_blank\" rel=\"noopener\">Assoz. Prof. Dr. B\u00f6rries Kuzmany<\/a><\/strong><br \/>\n    (Universit\u00e4t Wien)<br \/>\n\n<strong><a href=\"https:\/\/www.upn.gov.sk\/sk\/sekretariat-predsedu-spravnej-rady-upn\/\" target=\"_blank\" rel=\"noopener\">Mgr. Jergu\u0161 Sivo\u0161, PhD.<\/a><\/strong><br \/>\n    (\u00dastav pam\u00e4ti n\u00e1roda )<br \/>\n\n<strong><a href=\"https:\/\/www.eu.avcr.cz\/en\/about-us\/staff\/johana-wyss\/\" target=\"_blank\" rel=\"noopener\">MSc. Johana Wyss D.Phil.<\/a><\/strong><br \/>\n    (Etnologick\u00fd \u00fastav Akademie v\u011bd \u010cR)<br \/>\n\n    <br \/>\n<\/p>\n<p><!-- \/wp:paragraph --><\/p>","protected":false},"excerpt":{"rendered":"<p>Charakteristika \u010dasopisu Slezsk\u00fd sborn\u00edk se \u0159ad\u00ed k nejstar\u0161\u00edm odborn\u00fdm historick\u00fdm \u010dasopis\u016fm v \u010cesk\u00e9 republice. Zalo\u017een byl pod titulem V\u011bstn\u00edk Matice opavsk\u00e9 ji\u017e roku 1878, p\u0159i\u010dem\u017e od roku 1892 vych\u00e1zel jako periodikum. Dne\u0161n\u00ed n\u00e1zev pak nese trvale od roku 1936. Slezsk\u00fd sborn\u00edk je tradi\u010dn\u00edm recenzovan\u00fdm odborn\u00fdm \u010dasopisem. Je rovn\u011b\u017e evidov\u00e1n v r\u00e1mci mezin\u00e1rodn\u011b respektovan\u00e9 datab\u00e1ze European&hellip; <a class=\"more-link\" href=\"https:\/\/slsb.cz\/en\/\">Continue reading <span class=\"screen-reader-text\">About<\/span><\/a><\/p>","protected":false},"author":1,"featured_media":0,"parent":0,"menu_order":0,"comment_status":"closed","ping_status":"closed","template":"","meta":{"footnotes":""},"class_list":["post-11","page","type-page","status-publish","hentry","entry"],"_links":{"self":[{"href":"https:\/\/slsb.cz\/en\/wp-json\/wp\/v2\/pages\/11","targetHints":{"allow":["GET"]}}],"collection":[{"href":"https:\/\/slsb.cz\/en\/wp-json\/wp\/v2\/pages"}],"about":[{"href":"https:\/\/slsb.cz\/en\/wp-json\/wp\/v2\/types\/page"}],"author":[{"embeddable":true,"href":"https:\/\/slsb.cz\/en\/wp-json\/wp\/v2\/users\/1"}],"replies":[{"embeddable":true,"href":"https:\/\/slsb.cz\/en\/wp-json\/wp\/v2\/comments?post=11"}],"version-history":[{"count":38,"href":"https:\/\/slsb.cz\/en\/wp-json\/wp\/v2\/pages\/11\/revisions"}],"predecessor-version":[{"id":961,"href":"https:\/\/slsb.cz\/en\/wp-json\/wp\/v2\/pages\/11\/revisions\/961"}],"wp:attachment":[{"href":"https:\/\/slsb.cz\/en\/wp-json\/wp\/v2\/media?parent=11"}],"curies":[{"name":"wp","href":"https:\/\/api.w.org\/{rel}","templated":true}]}}